{"id":45233,"date":"2020-08-24T22:44:44","date_gmt":"2020-08-24T22:44:44","guid":{"rendered":"https:\/\/www.barbadillo.com\/?page_id=45233"},"modified":"2020-08-24T23:23:21","modified_gmt":"2020-08-24T23:23:21","slug":"frequently-asked-questions-user-area","status":"publish","type":"page","link":"https:\/\/www.barbadillo.com\/en\/frequently-asked-questions-user-area\/","title":{"rendered":"Frequently asked questions &#8211; User area"},"content":{"rendered":"<p>[et_pb_section fb_built=&#8221;1&#8243; admin_label=&#8221;Hero Section&#8221; _builder_version=&#8221;4.4.8&#8243; background_color=&#8221;#336028&#8243; background_color_gradient_direction=&#8221;131deg&#8221; custom_margin=&#8221;60px||||false|false&#8221; custom_padding=&#8221;0px||0px||true|false&#8221; animation_style=&#8221;slide&#8221; animation_direction=&#8221;top&#8221; animation_intensity_slide=&#8221;2%&#8221; animation_starting_opacity=&#8221;100%&#8221; da_disable_devices=&#8221;off|off|off&#8221; locked=&#8221;off&#8221; da_is_popup=&#8221;off&#8221; da_exit_intent=&#8221;off&#8221; da_has_close=&#8221;on&#8221; da_alt_close=&#8221;off&#8221; da_dark_close=&#8221;off&#8221; da_not_modal=&#8221;on&#8221; da_is_singular=&#8221;off&#8221; da_with_loader=&#8221;off&#8221; da_has_shadow=&#8221;on&#8221;][et_pb_row _builder_version=&#8221;4.4.8&#8243; width=&#8221;96%&#8221; custom_margin=&#8221;0vw|auto|0vw|auto|true|false&#8221; custom_padding=&#8221;1vw||0px||false|false&#8221; custom_width_px=&#8221;1440px&#8221; custom_margin__hover_enabled=&#8221;off|desktop&#8221;][et_pb_column type=&#8221;4_4&#8243; _builder_version=&#8221;4.4.8&#8243; custom_padding=&#8221;|||&#8221; custom_padding__hover=&#8221;|||&#8221;][et_pb_text _builder_version=&#8221;4.4.8&#8243; _dynamic_attributes=&#8221;content&#8221; text_font=&#8221;gobold||||||||&#8221; header_font=&#8221;Playfair Display|100|||||||&#8221; header_text_color=&#8221;#e2b873&#8243; header_font_size=&#8221;40px&#8221; header_2_font=&#8221;||||||||&#8221; header_3_font=&#8221;||||||||&#8221; header_4_font=&#8221;||||||||&#8221; header_5_font=&#8221;||||||||&#8221; header_6_font=&#8221;||||||||&#8221; custom_margin=&#8221;||20px|&#8221; custom_padding=&#8221;10px||10px||true|false&#8221; custom_padding_tablet=&#8221;&#8221; custom_padding_phone=&#8221;|0px||0px|true|false&#8221; custom_padding_last_edited=&#8221;on|phone&#8221; header_font_size_tablet=&#8221;32px&#8221; header_font_size_phone=&#8221;28px&#8221; header_font_size_last_edited=&#8221;on|phone&#8221; locked=&#8221;off&#8221;]@ET-DC@eyJkeW5hbWljIjp0cnVlLCJjb250ZW50IjoicG9zdF90aXRsZSIsInNldHRpbmdzIjp7ImJlZm9yZSI6IjxoMT4iLCJhZnRlciI6IjwvaDE+In19@[\/et_pb_text][\/et_pb_column][\/et_pb_row][\/et_pb_section][et_pb_section fb_built=&#8221;1&#8243; admin_label=&#8221;section&#8221; _builder_version=&#8221;4.4.7&#8243; custom_margin=&#8221;2vw||||false|false&#8221; custom_padding=&#8221;0px||||false|false&#8221; da_disable_devices=&#8221;off|off|off&#8221; da_is_popup=&#8221;off&#8221; da_exit_intent=&#8221;off&#8221; da_has_close=&#8221;on&#8221; da_alt_close=&#8221;off&#8221; da_dark_close=&#8221;off&#8221; da_not_modal=&#8221;on&#8221; da_is_singular=&#8221;off&#8221; da_with_loader=&#8221;off&#8221; da_has_shadow=&#8221;on&#8221;][et_pb_row column_structure=&#8221;1_4,3_4&#8243; use_custom_gutter=&#8221;on&#8221; admin_label=&#8221;row&#8221; _builder_version=&#8221;4.4.8&#8243; background_size=&#8221;initial&#8221; background_position=&#8221;top_left&#8221; background_repeat=&#8221;repeat&#8221; max_width=&#8221;1200px&#8221; custom_margin=&#8221;0px||0px||true|false&#8221; custom_padding=&#8221;0px||0px||true|false&#8221; locked=&#8221;off&#8221;][et_pb_column type=&#8221;1_4&#8243; _builder_version=&#8221;4.4.8&#8243; custom_padding=&#8221;20px|15px|||false|false&#8221; custom_padding__hover=&#8221;|||&#8221;][et_pb_blurb title=&#8221;Shipments&#8221; url=&#8221;@ET-DC@eyJkeW5hbWljIjp0cnVlLCJjb250ZW50IjoicG9zdF9saW5rX3VybF9wYWdlIiwic2V0dGluZ3MiOnsicG9zdF9pZCI6IjM1MDE2In19@&#8221; use_icon=&#8221;on&#8221; font_icon=&#8221;%%122%%&#8221; icon_color=&#8221;#e2b873&#8243; icon_placement=&#8221;left&#8221; use_icon_font_size=&#8221;on&#8221; icon_font_size=&#8221;25px&#8221; _builder_version=&#8221;4.5.3&#8243; _dynamic_attributes=&#8221;url&#8221; header_font=&#8221;Playfair Display|700|||||||&#8221; header_text_color=&#8221;#336028&#8243; header_font_size=&#8221;20px&#8221; custom_padding=&#8221;10px||||false|false&#8221; hover_enabled=&#8221;0&#8243; border_width_bottom=&#8221;2px&#8221; border_color_bottom=&#8221;#f3f3f3&#8243;][\/et_pb_blurb][et_pb_blurb title=&#8221;Incidents&#8221; url=&#8221;@ET-DC@eyJkeW5hbWljIjp0cnVlLCJjb250ZW50IjoicG9zdF9saW5rX3VybF9wYWdlIiwic2V0dGluZ3MiOnsicG9zdF9pZCI6IjM1MTI2In19@&#8221; use_icon=&#8221;on&#8221; font_icon=&#8221;%%82%%&#8221; icon_color=&#8221;#e2b873&#8243; icon_placement=&#8221;left&#8221; use_icon_font_size=&#8221;on&#8221; icon_font_size=&#8221;25px&#8221; _builder_version=&#8221;4.5.3&#8243; _dynamic_attributes=&#8221;url&#8221; header_font=&#8221;Playfair Display|700|||||||&#8221; header_text_color=&#8221;#336028&#8243; header_font_size=&#8221;20px&#8221; custom_padding=&#8221;10px||||false|false&#8221; hover_enabled=&#8221;0&#8243; border_width_bottom=&#8221;2px&#8221; border_color_bottom=&#8221;#f3f3f3&#8243;][\/et_pb_blurb][et_pb_blurb title=&#8221;Online shopping&#8221; url=&#8221;@ET-DC@eyJkeW5hbWljIjp0cnVlLCJjb250ZW50IjoicG9zdF9saW5rX3VybF9wYWdlIiwic2V0dGluZ3MiOnsicG9zdF9pZCI6IjM1MTM2In19@&#8221; use_icon=&#8221;on&#8221; font_icon=&#8221;%%114%%&#8221; icon_color=&#8221;#e2b873&#8243; icon_placement=&#8221;left&#8221; use_icon_font_size=&#8221;on&#8221; icon_font_size=&#8221;25px&#8221; _builder_version=&#8221;4.5.3&#8243; _dynamic_attributes=&#8221;url&#8221; header_font=&#8221;Playfair Display|700|||||||&#8221; header_text_color=&#8221;#336028&#8243; header_font_size=&#8221;20px&#8221; custom_padding=&#8221;10px||||false|false&#8221; hover_enabled=&#8221;0&#8243; border_width_bottom=&#8221;2px&#8221; border_color_bottom=&#8221;#f3f3f3&#8243;][\/et_pb_blurb][et_pb_blurb title=&#8221;User area&#8221; url=&#8221;@ET-DC@eyJkeW5hbWljIjp0cnVlLCJjb250ZW50IjoicG9zdF9saW5rX3VybF9wYWdlIiwic2V0dGluZ3MiOnsicG9zdF9pZCI6IjM1MTQzIn19@&#8221; use_icon=&#8221;on&#8221; font_icon=&#8221;%%259%%&#8221; icon_color=&#8221;#e2b873&#8243; icon_placement=&#8221;left&#8221; use_icon_font_size=&#8221;on&#8221; icon_font_size=&#8221;25px&#8221; _builder_version=&#8221;4.5.3&#8243; _dynamic_attributes=&#8221;url&#8221; header_font=&#8221;Playfair Display|700|||||||&#8221; header_text_color=&#8221;#336028&#8243; header_font_size=&#8221;20px&#8221; custom_padding=&#8221;10px||||false|false&#8221; hover_enabled=&#8221;0&#8243; border_width_bottom=&#8221;2px&#8221; border_color_bottom=&#8221;#f3f3f3&#8243;][\/et_pb_blurb][et_pb_blurb title=&#8221;Our products&#8221; url=&#8221;@ET-DC@eyJkeW5hbWljIjp0cnVlLCJjb250ZW50IjoicG9zdF9saW5rX3VybF9wYWdlIiwic2V0dGluZ3MiOnsicG9zdF9pZCI6IjM1MTUxIn19@&#8221; use_icon=&#8221;on&#8221; font_icon=&#8221;%%112%%&#8221; icon_color=&#8221;#e2b873&#8243; icon_placement=&#8221;left&#8221; use_icon_font_size=&#8221;on&#8221; icon_font_size=&#8221;25px&#8221; _builder_version=&#8221;4.5.3&#8243; _dynamic_attributes=&#8221;url&#8221; header_font=&#8221;Playfair Display|700|||||||&#8221; header_text_color=&#8221;#336028&#8243; header_font_size=&#8221;20px&#8221; custom_padding=&#8221;10px||||false|false&#8221; hover_enabled=&#8221;0&#8243; border_width_bottom=&#8221;2px&#8221; border_color_bottom=&#8221;#f3f3f3&#8243;][\/et_pb_blurb][\/et_pb_column][et_pb_column type=&#8221;3_4&#8243; _builder_version=&#8221;4.4.8&#8243;][et_pb_text admin_label=&#8221;Text&#8221; _builder_version=&#8221;4.5.3&#8243; text_text_color=&#8221;#7a7a7a&#8221; header_2_font=&#8221;Playfair Display|700|||||||&#8221; header_2_text_color=&#8221;#336028&#8243; header_2_line_height=&#8221;1.8em&#8221; background_size=&#8221;initial&#8221; background_position=&#8221;top_left&#8221; background_repeat=&#8221;repeat&#8221; custom_margin=&#8221;||30px||false|false&#8221;]<\/p>\n<h2>User area<\/h2>\n<p>[\/et_pb_text][et_pb_accordion open_toggle_text_color=&#8221;#336028&#8243; closed_toggle_background_color=&#8221;rgba(243,243,243,0.59)&#8221; module_class=&#8221;faq&#8221; _builder_version=&#8221;4.5.3&#8243; toggle_font=&#8221;|600|||||||&#8221; toggle_font_size=&#8221;18px&#8221;][et_pb_accordion_item title=&#8221;How can I modify my details?&#8221; open=&#8221;on&#8221; _builder_version=&#8221;4.5.3&#8243;]When you are inside your <a href=\"https:\/\/www.barbadillo.com\/en\/my-account\/\" title=\"User area\" target=\"_blank\" rel=\"noopener noreferrer\">user area<\/a>, you will find a menu on the left side of the screen where you will be able to change your delivery and billing addresses, your personal details and your password.[\/et_pb_accordion_item][et_pb_accordion_item title=&#8221;I\u2019ve forgotten my password, what can I do.&#8221; _builder_version=&#8221;4.5.3&#8243; open=&#8221;off&#8221;]Click on the <a href=\"https:\/\/www.barbadillo.com\/en\/my-account\/\" target=\"_blank\" rel=\"noopener noreferrer\" title=\"Did you forget your password\"> \u201c<em>Did you forget your password<\/em>\u201d<\/a> link, which you will find under the user access area and we will send you an email that will allow you to reset your password.[\/et_pb_accordion_item][et_pb_accordion_item title=&#8221;Can I deactivate my account?&#8221; _builder_version=&#8221;4.5.3&#8243; _module_preset=&#8221;default&#8221; open=&#8221;off&#8221;]We would love for you to stay with us, however, if you wish to cancel your account you can do so by accessing your profile with your username and password  <a href=\"https:\/\/www.barbadillo.com\/en\/my-account\/\" title=\"My Account\">here<\/a>.[\/et_pb_accordion_item][et_pb_accordion_item title=&#8221;Do I need to be registered to subscribe to the newsletter?&#8221; _builder_version=&#8221;4.5.3&#8243; _module_preset=&#8221;default&#8221; open=&#8221;off&#8221;]No, you can keep up to date on all of our news without having to sign up as a user on our online store.[\/et_pb_accordion_item][\/et_pb_accordion][et_pb_code module_id=&#8221;contact_form&#8221; _builder_version=&#8221;4.4.8&#8243; min_height=&#8221;60px&#8221;][\/et_pb_code][et_pb_text _builder_version=&#8221;4.5.3&#8243; header_2_font=&#8221;Playfair Display||||||||&#8221; header_2_text_color=&#8221;#336028&#8243; custom_margin=&#8221;||||false|false&#8221; custom_padding=&#8221;||5px||false|false&#8221;]<\/p>\n<h2>Contact the user area department<\/h2>\n<p>[\/et_pb_text][et_pb_code _builder_version=&#8221;4.5.3&#8243; _module_preset=&#8221;default&#8221; locked=&#8221;off&#8221;]\n<div class=\"wpcf7 no-js\" id=\"wpcf7-f45230-o1\" lang=\"es-ES\" dir=\"ltr\" data-wpcf7-id=\"45230\">\n<div class=\"screen-reader-response\"><p role=\"status\" aria-live=\"polite\" aria-atomic=\"true\"><\/p> <ul><\/ul><\/div>\n<form action=\"\/en\/wp-json\/wp\/v2\/pages\/45233#wpcf7-f45230-o1\" method=\"post\" class=\"wpcf7-form init\" aria-label=\"Formulario de contacto\" novalidate=\"novalidate\" data-status=\"init\">\n<div style=\"display: none;\">\n<input type=\"hidden\" name=\"_wpcf7\" value=\"45230\" \/>\n<input type=\"hidden\" name=\"_wpcf7_version\" value=\"6.0\" \/>\n<input type=\"hidden\" name=\"_wpcf7_locale\" value=\"es_ES\" \/>\n<input type=\"hidden\" name=\"_wpcf7_unit_tag\" value=\"wpcf7-f45230-o1\" \/>\n<input type=\"hidden\" name=\"_wpcf7_container_post\" value=\"0\" \/>\n<input type=\"hidden\" name=\"_wpcf7_posted_data_hash\" value=\"\" \/>\n<input type=\"hidden\" name=\"_wpcf7_recaptcha_response\" value=\"\" \/>\n<\/div>\n<div class=\"et_pb_contact\">\n\t<p class=\"et_pb_contact_field et_pb_contact_field_0 et_pb_contact_field_half\"><br \/>\n<span class=\"wpcf7-form-control-wrap\" data-name=\"your-name\"><input size=\"40\" maxlength=\"400\" class=\"wpcf7-form-control wpcf7-text wpcf7-validates-as-required input\" aria-required=\"true\" aria-invalid=\"false\" placeholder=\"Name\" value=\"\" type=\"text\" name=\"your-name\" \/><\/span>\n\t<\/p>\n\t<p class=\"et_pb_contact_field et_pb_contact_field_0 et_pb_contact_field_half et_pb_contact_field_last\"><br \/>\n<span class=\"wpcf7-form-control-wrap\" data-name=\"your-email\"><input size=\"40\" maxlength=\"400\" class=\"wpcf7-form-control wpcf7-email wpcf7-validates-as-required wpcf7-text wpcf7-validates-as-email input\" aria-required=\"true\" aria-invalid=\"false\" placeholder=\"Email\" value=\"\" type=\"email\" name=\"your-email\" \/><\/span>\n\t<\/p>\n\t<p class=\"et_pb_contact_field et_pb_contact_field_0 et_pb_contact_field_half\"><br \/>\n<span class=\"wpcf7-form-control-wrap\" data-name=\"phone\"><input size=\"40\" maxlength=\"400\" class=\"wpcf7-form-control wpcf7-text input\" aria-invalid=\"false\" placeholder=\"Phone\" value=\"\" type=\"text\" name=\"phone\" \/><\/span>\n\t<\/p>\n\t<p class=\"et_pb_contact_field et_pb_contact_field_0 et_pb_contact_field_half et_pb_contact_field_last\"><br \/>\n<span class=\"wpcf7-form-control-wrap\" data-name=\"your-subject\"><input size=\"40\" maxlength=\"400\" class=\"wpcf7-form-control wpcf7-text input\" aria-invalid=\"false\" placeholder=\"Subject\" value=\"\" type=\"text\" name=\"your-subject\" \/><\/span>\n\t<\/p>\n\t<p class=\"et_pb_contact_field et_pb_contact_field_4 et_pb_contact_field_last\"><br \/>\n<span class=\"wpcf7-form-control-wrap\" data-name=\"your-message\"><textarea cols=\"40\" rows=\"10\" maxlength=\"2000\" class=\"wpcf7-form-control wpcf7-textarea\" aria-invalid=\"false\" placeholder=\"Message\" name=\"your-message\"><\/textarea><\/span>\n\t<\/p>\n<\/div>\n<div class=\"form_legacy\">\n\t<p><span class=\"wpcf7-form-control-wrap\" data-name=\"politica_acepta\"><span class=\"wpcf7-form-control wpcf7-acceptance\"><span class=\"wpcf7-list-item\"><input type=\"checkbox\" name=\"politica_acepta\" value=\"1\" id=\"politica_acepta\" aria-invalid=\"false\" \/><\/span><\/span><\/span> I have read and accept the <label for=\"politica_acepta\"><a href=\"https:\/\/www.barbadillo.com\/en\/privacy-policy\/\" title=\"Privacy policy\" target=\"_blank\" >Privacy Policy<\/a><\/label> and the Terms and Conditions of the website.\n\t<\/p>\n\t<div class=\"legacy-info\">\n\t\t<p>The personal data that you provide in this form will be processed by Bodegas Barbadillo, in order to manage your purchases and send information. The legitimation is done through your consent. Bodegas Barbadillo does not sell or transfer your data to external people. You can exercise the rights of access, rectification, cancellation and opposition at rgpd@barbadillo.com or at the control authority. For more information, you can consult the <a href=\"https:\/\/www.barbadillo.com\/en\/privacy-policy\/\" title=\"Privacy policy\" target=\"_blank\">Privacy Policy<\/a>.\n\t\t<\/p>\n\t<\/div>\n<\/div>\n<p class=\"et_pb_contact_field et_pb_contact_field_4 et_pb_contact_field_last\"><br \/>\n<input class=\"wpcf7-form-control wpcf7-submit has-spinner contact_button\" type=\"submit\" value=\"Send\" \/>\n<\/p><div class=\"wpcf7-response-output\" aria-hidden=\"true\"><\/div>\n<\/form>\n<\/div>\n[\/et_pb_code][\/et_pb_column][\/et_pb_row][\/et_pb_section]<\/p>\n","protected":false},"excerpt":{"rendered":"<p>User areaWhen you are inside your user area, you will find a menu on the left side of the screen where you will be able to change your delivery and billing addresses, your personal details and your password.Click on the \u201cDid you forget your password\u201d link, which you will find under the user access area [&hellip;]<\/p>\n","protected":false},"author":1,"featured_media":0,"parent":0,"menu_order":0,"comment_status":"closed","ping_status":"closed","template":"","meta":{"_acf_changed":false,"_et_pb_use_builder":"on","_et_pb_old_content":"[et_pb_section fb_built=\"1\" admin_label=\"Hero Section\" _builder_version=\"4.4.8\" background_color=\"#336028\" background_color_gradient_direction=\"131deg\" custom_margin=\"60px||||false|false\" custom_padding=\"0px||0px||true|false\" animation_style=\"slide\" animation_direction=\"top\" animation_intensity_slide=\"2%\" animation_starting_opacity=\"100%\" da_disable_devices=\"off|off|off\" locked=\"off\" da_is_popup=\"off\" da_exit_intent=\"off\" da_has_close=\"on\" da_alt_close=\"off\" da_dark_close=\"off\" da_not_modal=\"on\" da_is_singular=\"off\" da_with_loader=\"off\" da_has_shadow=\"on\"][et_pb_row _builder_version=\"4.4.8\" width=\"96%\" custom_margin=\"0vw|auto|0vw|auto|true|false\" custom_padding=\"1vw||0px||false|false\" custom_width_px=\"1440px\" custom_margin__hover_enabled=\"off|desktop\"][et_pb_column type=\"4_4\" _builder_version=\"4.4.8\" custom_padding=\"|||\" custom_padding__hover=\"|||\"][et_pb_text _builder_version=\"4.4.8\" _dynamic_attributes=\"content\" text_font=\"gobold||||||||\" header_font=\"Playfair Display|100|||||||\" header_text_color=\"#e2b873\" header_font_size=\"40px\" header_2_font=\"||||||||\" header_3_font=\"||||||||\" header_4_font=\"||||||||\" header_5_font=\"||||||||\" header_6_font=\"||||||||\" custom_margin=\"||20px|\" custom_padding=\"10px||10px||true|false\" custom_padding_tablet=\"\" custom_padding_phone=\"|0px||0px|true|false\" custom_padding_last_edited=\"on|phone\" header_font_size_tablet=\"32px\" header_font_size_phone=\"28px\" header_font_size_last_edited=\"on|phone\" locked=\"off\"]@ET-DC@eyJkeW5hbWljIjp0cnVlLCJjb250ZW50IjoicG9zdF90aXRsZSIsInNldHRpbmdzIjp7ImJlZm9yZSI6IjxoMT4iLCJhZnRlciI6IjwvaDE+In19@[\/et_pb_text][\/et_pb_column][\/et_pb_row][\/et_pb_section][et_pb_section fb_built=\"1\" admin_label=\"section\" _builder_version=\"4.4.7\" custom_margin=\"2vw||||false|false\" custom_padding=\"0px||||false|false\" da_disable_devices=\"off|off|off\" da_is_popup=\"off\" da_exit_intent=\"off\" da_has_close=\"on\" da_alt_close=\"off\" da_dark_close=\"off\" da_not_modal=\"on\" da_is_singular=\"off\" da_with_loader=\"off\" da_has_shadow=\"on\"][et_pb_row column_structure=\"1_4,3_4\" use_custom_gutter=\"on\" admin_label=\"row\" _builder_version=\"4.4.8\" background_size=\"initial\" background_position=\"top_left\" background_repeat=\"repeat\" max_width=\"1200px\" custom_margin=\"0px||0px||true|false\" custom_padding=\"0px||0px||true|false\" locked=\"off\"][et_pb_column type=\"1_4\" _builder_version=\"4.4.8\" custom_padding=\"20px|15px|||false|false\" custom_padding__hover=\"|||\"][et_pb_blurb title=\"Env\u00edos\" url=\"@ET-DC@eyJkeW5hbWljIjp0cnVlLCJjb250ZW50IjoicG9zdF9saW5rX3VybF9wYWdlIiwic2V0dGluZ3MiOnsicG9zdF9pZCI6IjM1MDE2In19@\" use_icon=\"on\" font_icon=\"%%122%%\" icon_color=\"#e2b873\" icon_placement=\"left\" use_icon_font_size=\"on\" icon_font_size=\"25px\" _builder_version=\"4.5.1\" _dynamic_attributes=\"url\" header_font=\"Playfair Display|700|||||||\" header_text_color=\"#336028\" header_font_size=\"20px\" custom_padding=\"10px||||false|false\" border_width_bottom=\"2px\" border_color_bottom=\"#f3f3f3\"][\/et_pb_blurb][et_pb_blurb title=\"Incidencias\" url=\"@ET-DC@eyJkeW5hbWljIjp0cnVlLCJjb250ZW50IjoicG9zdF9saW5rX3VybF9wYWdlIiwic2V0dGluZ3MiOnsicG9zdF9pZCI6IjM1MTI2In19@\" use_icon=\"on\" font_icon=\"%%82%%\" icon_color=\"#e2b873\" icon_placement=\"left\" use_icon_font_size=\"on\" icon_font_size=\"25px\" _builder_version=\"4.5.1\" _dynamic_attributes=\"url\" header_font=\"Playfair Display|700|||||||\" header_text_color=\"#336028\" header_font_size=\"20px\" custom_padding=\"10px||||false|false\" border_width_bottom=\"2px\" border_color_bottom=\"#f3f3f3\"][\/et_pb_blurb][et_pb_blurb title=\"Compra Online\" url=\"@ET-DC@eyJkeW5hbWljIjp0cnVlLCJjb250ZW50IjoicG9zdF9saW5rX3VybF9wYWdlIiwic2V0dGluZ3MiOnsicG9zdF9pZCI6IjM1MTM2In19@\" use_icon=\"on\" font_icon=\"%%114%%\" icon_color=\"#e2b873\" icon_placement=\"left\" use_icon_font_size=\"on\" icon_font_size=\"25px\" _builder_version=\"4.5.1\" _dynamic_attributes=\"url\" header_font=\"Playfair Display|700|||||||\" header_text_color=\"#336028\" header_font_size=\"20px\" custom_padding=\"10px||||false|false\" border_width_bottom=\"2px\" border_color_bottom=\"#f3f3f3\"][\/et_pb_blurb][et_pb_blurb title=\"\u00c1rea de Usuario\" url=\"@ET-DC@eyJkeW5hbWljIjp0cnVlLCJjb250ZW50IjoicG9zdF9saW5rX3VybF9wYWdlIiwic2V0dGluZ3MiOnsicG9zdF9pZCI6IjM1MTQzIn19@\" use_icon=\"on\" font_icon=\"%%259%%\" icon_color=\"#e2b873\" icon_placement=\"left\" use_icon_font_size=\"on\" icon_font_size=\"25px\" _builder_version=\"4.5.1\" _dynamic_attributes=\"url\" header_font=\"Playfair Display|700|||||||\" header_text_color=\"#336028\" header_font_size=\"20px\" custom_padding=\"10px||||false|false\" border_width_bottom=\"2px\" border_color_bottom=\"#f3f3f3\"][\/et_pb_blurb][et_pb_blurb title=\"Productos\" url=\"@ET-DC@eyJkeW5hbWljIjp0cnVlLCJjb250ZW50IjoicG9zdF9saW5rX3VybF9wYWdlIiwic2V0dGluZ3MiOnsicG9zdF9pZCI6IjM1MTUxIn19@\" use_icon=\"on\" font_icon=\"%%112%%\" icon_color=\"#e2b873\" icon_placement=\"left\" use_icon_font_size=\"on\" icon_font_size=\"25px\" _builder_version=\"4.5.1\" _dynamic_attributes=\"url\" header_font=\"Playfair Display|700|||||||\" header_text_color=\"#336028\" header_font_size=\"20px\" custom_padding=\"10px||||false|false\" border_width_bottom=\"2px\" border_color_bottom=\"#f3f3f3\"][\/et_pb_blurb][\/et_pb_column][et_pb_column type=\"3_4\" _builder_version=\"4.4.8\"][et_pb_text admin_label=\"Text\" _builder_version=\"4.5.1\" text_text_color=\"#7a7a7a\" header_2_font=\"Playfair Display|700|||||||\" header_2_text_color=\"#336028\" header_2_line_height=\"1.8em\" background_size=\"initial\" background_position=\"top_left\" background_repeat=\"repeat\" custom_margin=\"||30px||false|false\"]<h2>\u00c1rea de usuario<\/h2>[\/et_pb_text][et_pb_accordion open_toggle_text_color=\"#336028\" closed_toggle_background_color=\"rgba(243,243,243,0.59)\" module_class=\"faq\" _builder_version=\"4.5.1\" toggle_font=\"|600|||||||\" toggle_font_size=\"18px\"][et_pb_accordion_item title=\"\u00bfC\u00f3mo puedo modificar mis datos?\" open=\"on\" _builder_version=\"4.5.1\"]<p>Dentro de tu <a href=\"https:\/\/www.barbadillo.com\/mi-cuenta\/\" title=\"\u00c1rea de usuario\" target=\"_blank\" rel=\"noopener noreferrer\">\u00e1rea de usuario<\/a> podr\u00e1s encontrar un men\u00fa a la izquierda donde podr\u00e1s cambiar tus direcciones de env\u00edo y facturaci\u00f3n, datos personales y contrase\u00f1a.<\/p>[\/et_pb_accordion_item][et_pb_accordion_item title=\"He olvidado la contrase\u00f1a \u00bfqu\u00e9 hago?\" _builder_version=\"4.5.1\" open=\"off\"]<p>Bajo la ventana de acceso al \u00e1rea de usuario, pincha en el enlace de<a href=\"https:\/\/www.barbadillo.com\/mi-cuenta\/lost-password\/\" target=\"_blank\" rel=\"noopener noreferrer\" title=\"\u00bfOlvidaste la contrase\u00f1a?\"> \u201c<em>\u00bfOlvidaste la contrase\u00f1a?<\/em>\u201d<\/a> y te llegar\u00e1 un email a tu direcci\u00f3n de correo para que puedas restablecerla.<\/p>[\/et_pb_accordion_item][et_pb_accordion_item title=\"\u00bfPuedo desactivar mi cuenta?\" _builder_version=\"4.5.1\" _module_preset=\"default\" open=\"off\"]<p>Queremos que te quedes con nosotros pero si quieres irte puedes desactivar tu cuenta en el \u00e1rea de usuario accediendo con tu usuario y contrase\u00f1a <a href=\"https:\/\/www.barbadillo.com\/mi-cuenta\/\" title=\"\u00c1rea de usuario\">aqu\u00ed<\/a>.<\/p>[\/et_pb_accordion_item][et_pb_accordion_item title=\"\u00bfNecesito estar registrado para suscribirme a la newsletter?\" _builder_version=\"4.5.1\" _module_preset=\"default\" open=\"off\"]<p>No, puedes estar al tanto de todas nuestras novedades sin necesidad de tener un usuario en nuestra tienda online.<\/p>[\/et_pb_accordion_item][\/et_pb_accordion][et_pb_code module_id=\"contact_form\" _builder_version=\"4.4.8\" min_height=\"60px\"][\/et_pb_code][et_pb_text _builder_version=\"4.5.1\" header_2_font=\"Playfair Display||||||||\" header_2_text_color=\"#336028\" custom_margin=\"||||false|false\" custom_padding=\"||5px||false|false\"]<h2>Contacta con el departamento de \u00e1rea de usuario<\/h2>[\/et_pb_text][et_pb_code _builder_version=\"4.5.1\" _module_preset=\"default\" hover_enabled=\"0\" locked=\"off\"][contact-form-7 id=\"35382\" title=\"Faq - Estandard\"][\/et_pb_code][\/et_pb_column][\/et_pb_row][\/et_pb_section]","_et_gb_content_width":"","footnotes":""},"class_list":["post-45233","page","type-page","status-publish","hentry"],"acf":[],"_links":{"self":[{"href":"https:\/\/www.barbadillo.com\/en\/wp-json\/wp\/v2\/pages\/45233","targetHints":{"allow":["GET"]}}],"collection":[{"href":"https:\/\/www.barbadillo.com\/en\/wp-json\/wp\/v2\/pages"}],"about":[{"href":"https:\/\/www.barbadillo.com\/en\/wp-json\/wp\/v2\/types\/page"}],"author":[{"embeddable":true,"href":"https:\/\/www.barbadillo.com\/en\/wp-json\/wp\/v2\/users\/1"}],"replies":[{"embeddable":true,"href":"https:\/\/www.barbadillo.com\/en\/wp-json\/wp\/v2\/comments?post=45233"}],"version-history":[{"count":6,"href":"https:\/\/www.barbadillo.com\/en\/wp-json\/wp\/v2\/pages\/45233\/revisions"}],"predecessor-version":[{"id":45278,"href":"https:\/\/www.barbadillo.com\/en\/wp-json\/wp\/v2\/pages\/45233\/revisions\/45278"}],"wp:attachment":[{"href":"https:\/\/www.barbadillo.com\/en\/wp-json\/wp\/v2\/media?parent=45233"}],"curies":[{"name":"wp","href":"https:\/\/api.w.org\/{rel}","templated":true}]}}