{"id":79284,"date":"2020-10-16T10:13:40","date_gmt":"2020-10-16T10:13:40","guid":{"rendered":"https:\/\/www.barbadillo.com\/?page_id=79284"},"modified":"2021-05-20T16:46:28","modified_gmt":"2021-05-20T16:46:28","slug":"corporate-profile-barbadillo","status":"publish","type":"page","link":"https:\/\/www.barbadillo.com\/en\/corporate-profile-barbadillo\/","title":{"rendered":"Corporate Profile"},"content":{"rendered":"<p>[et_pb_section fb_built=&#8221;1&#8243; admin_label=&#8221;Hero Section&#8221; _builder_version=&#8221;4.6.1&#8243; background_enable_color=&#8221;off&#8221; background_color_gradient_direction=&#8221;131deg&#8221; background_image=&#8221;https:\/\/www.barbadillo.com\/wp-content\/uploads\/2020\/09\/perfil-corporativo-barbadillo.jpg&#8221; background_blend=&#8221;darken&#8221; custom_margin=&#8221;60px||||false|false&#8221; custom_padding=&#8221;0px||0px||false|false&#8221; animation_direction=&#8221;top&#8221; da_disable_devices=&#8221;off|off|off&#8221; locked=&#8221;off&#8221; da_is_popup=&#8221;off&#8221; da_exit_intent=&#8221;off&#8221; da_has_close=&#8221;on&#8221; da_alt_close=&#8221;off&#8221; da_dark_close=&#8221;off&#8221; da_not_modal=&#8221;on&#8221; da_is_singular=&#8221;off&#8221; da_with_loader=&#8221;off&#8221; da_has_shadow=&#8221;on&#8221;][et_pb_row custom_padding_last_edited=&#8221;on|phone&#8221; _builder_version=&#8221;4.5.8&#8243; custom_margin=&#8221;0px|auto|0px|auto|true|false&#8221; custom_padding=&#8221;50px||50px||true|false&#8221; custom_padding_tablet=&#8221;40px||40px||true|false&#8221; custom_padding_phone=&#8221;25px||25px||true|false&#8221; custom_width_px=&#8221;1440px&#8221;][et_pb_column type=&#8221;4_4&#8243; _builder_version=&#8221;4.5.8&#8243; custom_padding=&#8221;|||&#8221; custom_padding__hover=&#8221;|||&#8221;][et_pb_text _builder_version=&#8221;4.5.8&#8243; _dynamic_attributes=&#8221;content&#8221; text_font=&#8221;Playfair Display||||||||&#8221; text_line_height=&#8221;1.4em&#8221; header_font=&#8221;Playfair Display|700|||||||&#8221; header_text_align=&#8221;center&#8221; header_text_color=&#8221;#f3f3f3&#8243; header_font_size=&#8221;36px&#8221; header_2_font=&#8221;||||||||&#8221; header_3_font=&#8221;||||||||&#8221; header_4_font=&#8221;||||||||&#8221; header_5_font=&#8221;||||||||&#8221; header_6_font=&#8221;||||||||&#8221; custom_margin=&#8221;0px||0px||false|false&#8221; custom_padding=&#8221;0px||0px||true|false&#8221; custom_padding_tablet=&#8221;&#8221; custom_padding_phone=&#8221;0px|0px|0px|0px|true|false&#8221; custom_padding_last_edited=&#8221;on|phone&#8221; header_font_size_tablet=&#8221;32px&#8221; header_font_size_phone=&#8221;28px&#8221; header_font_size_last_edited=&#8221;on|phone&#8221; locked=&#8221;off&#8221;]@ET-DC@eyJkeW5hbWljIjp0cnVlLCJjb250ZW50IjoicG9zdF90aXRsZSIsInNldHRpbmdzIjp7ImJlZm9yZSI6IjxoMT4iLCJhZnRlciI6IjwvaDE+In19@[\/et_pb_text][\/et_pb_column][\/et_pb_row][\/et_pb_section][et_pb_section fb_built=&#8221;1&#8243; admin_label=&#8221;Split Section&#8221; _builder_version=&#8221;4.5.8&#8243; custom_margin=&#8221;30px||0px||false|false&#8221; custom_padding=&#8221;0px||0px|&#8221; animation_style=&#8221;fold&#8221; animation_direction=&#8221;bottom&#8221; animation_intensity_fold=&#8221;4%&#8221; da_disable_devices=&#8221;off|off|off&#8221; locked=&#8221;off&#8221; da_is_popup=&#8221;off&#8221; da_exit_intent=&#8221;off&#8221; da_has_close=&#8221;on&#8221; da_alt_close=&#8221;off&#8221; da_dark_close=&#8221;off&#8221; da_not_modal=&#8221;on&#8221; da_is_singular=&#8221;off&#8221; da_with_loader=&#8221;off&#8221; da_has_shadow=&#8221;on&#8221;][et_pb_row column_structure=&#8221;1_2,1_2&#8243; use_custom_gutter=&#8221;on&#8221; make_equal=&#8221;on&#8221; module_class=&#8221; et_pb_row_fullwidth&#8221; _builder_version=&#8221;4.6.1&#8243; background_size=&#8221;initial&#8221; background_position=&#8221;top_left&#8221; background_repeat=&#8221;repeat&#8221; width=&#8221;100%&#8221; width_tablet=&#8221;100%&#8221; width_phone=&#8221;&#8221; width_last_edited=&#8221;on|desktop&#8221; max_width=&#8221;100%&#8221; max_width_tablet=&#8221;100%&#8221; max_width_phone=&#8221;&#8221; max_width_last_edited=&#8221;on|desktop&#8221; custom_margin=&#8221;0px||0px|&#8221; custom_padding=&#8221;0px||0px|&#8221; make_fullwidth=&#8221;on&#8221;][et_pb_column type=&#8221;1_2&#8243; _builder_version=&#8221;4.5.8&#8243; background_enable_color=&#8221;off&#8221; background_enable_image=&#8221;off&#8221; background_position=&#8221;top_left&#8221; custom_padding=&#8221;30px|60px|30px|60px|true|true&#8221; custom_padding_tablet=&#8221;|30px||30px|true|true&#8221; custom_padding_phone=&#8221;&#8221; custom_padding_last_edited=&#8221;on|tablet&#8221; custom_padding__hover=&#8221;|||&#8221;][et_pb_text _builder_version=&#8221;4.6.5&#8243; _module_preset=&#8221;default&#8221; text_font_size=&#8221;18px&#8221; header_2_font=&#8221;Playfair Display|700|||||||&#8221; header_2_text_align=&#8221;right&#8221; header_2_text_color=&#8221;#336028&#8243; header_2_font_size=&#8221;38px&#8221; header_3_font=&#8221;Playfair Display|700|||||||&#8221; header_3_text_align=&#8221;right&#8221; header_3_text_color=&#8221;#e2b873&#8243; header_3_font_size=&#8221;20px&#8221; text_orientation=&#8221;right&#8221; max_width=&#8221;660px&#8221; module_alignment=&#8221;right&#8221; custom_margin=&#8221;15px||15px||true|false&#8221; header_2_text_align_tablet=&#8221;left&#8221; header_2_text_align_phone=&#8221;&#8221; header_2_text_align_last_edited=&#8221;on|phone&#8221; header_2_font_size_tablet=&#8221;34px&#8221; header_2_font_size_phone=&#8221;30px&#8221; header_2_font_size_last_edited=&#8221;on|phone&#8221; header_3_text_align_tablet=&#8221;left&#8221; header_3_text_align_phone=&#8221;left&#8221; header_3_text_align_last_edited=&#8221;on|desktop&#8221; text_orientation_tablet=&#8221;left&#8221; text_orientation_phone=&#8221;&#8221; text_orientation_last_edited=&#8221;on|tablet&#8221;]<\/p>\n<h3>From Sanlucar de Barrameda to the world <\/h3>\n<h2>Presence in more than 50 countries <\/h2>\n<p>In a little slice of paradise in the south of Spain called Sanl\u00facar de Barrameda, the Barbadillo family bottled the first Manzanilla in 1827 only six years after its foundation. This age-old, family business hasn\u2019t looked back since.<\/p>\n<p>What began as a winery for producing manzanillas, sherries and brandies has become an internationally renowned group that, in addition to developing new products within its own geographical region, has incorporated wineries from other designations of origin, such as Bodegas y Vi\u00f1edos Vega Real, in the D.O. Ribera del Duero, and Bodega Pirineos, in the D.O. Somontano.<\/p>\n<p>Barbadillo owes its long and successful history to a strong commitment to innovation and professionalism. Values that, in turn, herald a future of constant expansion for the company. Barbadillo currently has a presence in more than 50 markets, including the United Kingdom, Germany, Belgium, Holland, Denmark and the United States. And it is still expanding\u2026[\/et_pb_text][\/et_pb_column][et_pb_column type=&#8221;1_2&#8243; _builder_version=&#8221;4.6.1&#8243; background_enable_color=&#8221;off&#8221; background_image=&#8221;https:\/\/www.barbadillo.com\/wp-content\/uploads\/2020\/09\/perfil-corporativo-sanlucar-barrameda-barbadillo.jpg&#8221; custom_padding=&#8221;||||false|false&#8221; custom_padding__hover=&#8221;|||&#8221;][et_pb_divider color=&#8221;#2ea3f&#8221; divider_style=&#8221;none&#8221; _builder_version=&#8221;4.5.8&#8243; _module_preset=&#8221;default&#8221; height=&#8221;415px&#8221;][\/et_pb_divider][\/et_pb_column][\/et_pb_row][\/et_pb_section][et_pb_section fb_built=&#8221;1&#8243; _builder_version=&#8221;4.5.8&#8243; _module_preset=&#8221;default&#8221; custom_margin=&#8221;0px||0px||true|false&#8221; custom_padding=&#8221;0px||0px||true|false&#8221; da_disable_devices=&#8221;off|off|off&#8221; da_is_popup=&#8221;off&#8221; da_exit_intent=&#8221;off&#8221; da_has_close=&#8221;on&#8221; da_alt_close=&#8221;off&#8221; da_dark_close=&#8221;off&#8221; da_not_modal=&#8221;on&#8221; da_is_singular=&#8221;off&#8221; da_with_loader=&#8221;off&#8221; da_has_shadow=&#8221;on&#8221;][et_pb_row _builder_version=&#8221;4.5.8&#8243; _module_preset=&#8221;default&#8221; max_width=&#8221;720px&#8221; custom_margin=&#8221;0px||0px||true|false&#8221; custom_padding=&#8221;0px||0px||true|false&#8221;][et_pb_column type=&#8221;4_4&#8243; _builder_version=&#8221;4.5.8&#8243; _module_preset=&#8221;default&#8221; custom_padding=&#8221;0px||0px||true|true&#8221;][et_pb_text _builder_version=&#8221;4.6.5&#8243; _module_preset=&#8221;default&#8221; text_font_size=&#8221;18px&#8221; header_2_font=&#8221;Playfair Display|700|||||||&#8221; header_2_text_align=&#8221;center&#8221; header_2_text_color=&#8221;#336028&#8243; header_2_font_size=&#8221;38px&#8221; header_3_font=&#8221;Playfair Display|700|||||||&#8221; header_3_text_align=&#8221;center&#8221; header_3_text_color=&#8221;#e2b873&#8243; header_3_font_size=&#8221;20px&#8221; text_orientation=&#8221;right&#8221; module_alignment=&#8221;center&#8221; custom_margin=&#8221;45px||0px||false|false&#8221; header_2_text_align_tablet=&#8221;left&#8221; header_2_text_align_last_edited=&#8221;off|desktop&#8221; header_2_font_size_tablet=&#8221;34px&#8221; header_2_font_size_phone=&#8221;30px&#8221; header_2_font_size_last_edited=&#8221;on|desktop&#8221; header_3_text_align_tablet=&#8221;left&#8221; header_3_text_align_phone=&#8221;left&#8221; header_3_text_align_last_edited=&#8221;off|desktop&#8221; text_orientation_tablet=&#8221;left&#8221; text_orientation_phone=&#8221;&#8221; text_orientation_last_edited=&#8221;on|tablet&#8221;]<\/p>\n<h3>Barbadillo Group <\/h3>\n<h2>Every little detail plays a part in creating a great company like Barbadillo<\/h2>\n<p>[\/et_pb_text][\/et_pb_column][\/et_pb_row][\/et_pb_section][et_pb_section fb_built=&#8221;1&#8243; _builder_version=&#8221;4.5.8&#8243; _module_preset=&#8221;default&#8221; custom_margin=&#8221;90px||30px||false|false&#8221; custom_padding=&#8221;0px||0px||true|false&#8221; da_disable_devices=&#8221;off|off|off&#8221; da_is_popup=&#8221;off&#8221; da_exit_intent=&#8221;off&#8221; da_has_close=&#8221;on&#8221; da_alt_close=&#8221;off&#8221; da_dark_close=&#8221;off&#8221; da_not_modal=&#8221;on&#8221; da_is_singular=&#8221;off&#8221; da_with_loader=&#8221;off&#8221; da_has_shadow=&#8221;on&#8221;][et_pb_row custom_padding_last_edited=&#8221;on|phone&#8221; _builder_version=&#8221;4.5.8&#8243; _module_preset=&#8221;default&#8221; background_color=&#8221;#f3f3f3&#8243; width_tablet=&#8221;100%&#8221; width_phone=&#8221;&#8221; width_last_edited=&#8221;on|phone&#8221; max_width=&#8221;1200px&#8221; custom_margin=&#8221;60px||0px||false|false&#8221; custom_padding=&#8221;0px|30px|0px|30px|true|true&#8221; custom_padding_tablet=&#8221;&#8221; custom_padding_phone=&#8221;0px|15px|0px|15px|true|true&#8221;][et_pb_column type=&#8221;4_4&#8243; _builder_version=&#8221;4.5.8&#8243; _module_preset=&#8221;default&#8221; custom_padding=&#8221;||||false|false&#8221;][et_pb_text _builder_version=&#8221;4.6.5&#8243; _module_preset=&#8221;default&#8221; text_text_color=&#8221;#ffffff&#8221; header_3_font=&#8221;Playfair Display||||||||&#8221; header_3_text_color=&#8221;#ffffff&#8221; header_3_font_size=&#8221;24px&#8221; background_color=&#8221;#e2b873&#8243; custom_margin=&#8221;-75px|30px|0px|30px|false|true&#8221; custom_padding=&#8221;30px|30px|30px|30px|true|true&#8221;]<\/p>\n<h3>Family-based:<\/h3>\n<p>Barbadillo is one of the ten largest and oldest family businesses in Spain. With 200 years of history, it is still 100% a family business. A place where we respect and care for tradition without forgetting the importance of constant innovation.<\/p>\n<h3>Pioneering:<\/h3>\n<p>We have been at the forefront of the sector for centuries, pioneers in many ways. We bottled the first Manzanilla exported to Philadelphia in 1827. We were the first to call this type of wine \u2018manzanilla\u2019. We produced the first Andalusian white wine made 100% from palomino fino grapes in 1975.<\/p>\n<h3>Innovative:<\/h3>\n<p>As a result of our pioneering nature, we have numerous achievements under our belt in the field of innovation. One example is the work and effort invested in recovering the autochthonous grape variety called Tintilla de Rota, which had almost become extinct.<\/p>\n<h3>An exporter:<\/h3>\n<p>We have been exporting manzanilla and other wines around the world since 1827, which is an extensive guarantee of our experience and history in this area. We currently have a presence in more than 50 countries: Germany, France, Denmark, the United Kingdom, the United States, Japan, Russia&#8230;<\/p>\n<h3>Avantgarde:<\/h3>\n<p>We continue making wines in the same places they were made in 200 years ago, respecting tradition while innovating with techniques and processes such as smart labelling, the natural presence of fizz or using big data and artificial intelligence for control.[\/et_pb_text][\/et_pb_column][\/et_pb_row][\/et_pb_section]<\/p>\n","protected":false},"excerpt":{"rendered":"<p>From Sanlucar de Barrameda to the world Presence in more than 50 countries In a little slice of paradise in the south of Spain called Sanl\u00facar de Barrameda, the Barbadillo family bottled the first Manzanilla in 1827 only six years after its foundation. This age-old, family business hasn\u2019t looked back since. What began as a [&hellip;]<\/p>\n","protected":false},"author":1,"featured_media":0,"parent":0,"menu_order":0,"comment_status":"closed","ping_status":"closed","template":"","meta":{"_acf_changed":false,"_et_pb_use_builder":"on","_et_pb_old_content":"[et_pb_section fb_built=\"1\" admin_label=\"Hero Section\" _builder_version=\"4.6.1\" background_enable_color=\"off\" background_color_gradient_direction=\"131deg\" background_image=\"https:\/\/www.barbadillo.com\/wp-content\/uploads\/2020\/09\/perfil-corporativo-barbadillo.jpg\" background_blend=\"darken\" custom_margin=\"60px||||false|false\" custom_padding=\"0px||0px||false|false\" animation_direction=\"top\" hover_enabled=\"0\" da_disable_devices=\"off|off|off\" locked=\"off\" alt=\"Perfil Corporativo | Bodegas Barbadillo\" title_text=\"Perfil Corporativo | Bodegas Barbadillo\" sticky_enabled=\"0\" da_is_popup=\"off\" da_exit_intent=\"off\" da_has_close=\"on\" da_alt_close=\"off\" da_dark_close=\"off\" da_not_modal=\"on\" da_is_singular=\"off\" da_with_loader=\"off\" da_has_shadow=\"on\"][et_pb_row custom_padding_last_edited=\"on|phone\" _builder_version=\"4.5.8\" custom_margin=\"0px|auto|0px|auto|true|false\" custom_padding=\"50px||50px||true|false\" custom_padding_tablet=\"40px||40px||true|false\" custom_padding_phone=\"25px||25px||true|false\" custom_width_px=\"1440px\"][et_pb_column type=\"4_4\" _builder_version=\"4.5.8\" custom_padding=\"|||\" custom_padding__hover=\"|||\"][et_pb_text _builder_version=\"4.5.8\" _dynamic_attributes=\"content\" text_font=\"Playfair Display||||||||\" text_line_height=\"1.4em\" header_font=\"Playfair Display|700|||||||\" header_text_align=\"center\" header_text_color=\"#f3f3f3\" header_font_size=\"36px\" header_2_font=\"||||||||\" header_3_font=\"||||||||\" header_4_font=\"||||||||\" header_5_font=\"||||||||\" header_6_font=\"||||||||\" custom_margin=\"0px||0px||false|false\" custom_padding=\"0px||0px||true|false\" custom_padding_tablet=\"\" custom_padding_phone=\"0px|0px|0px|0px|true|false\" custom_padding_last_edited=\"on|phone\" header_font_size_tablet=\"32px\" header_font_size_phone=\"28px\" header_font_size_last_edited=\"on|phone\" locked=\"off\"]@ET-DC@eyJkeW5hbWljIjp0cnVlLCJjb250ZW50IjoicG9zdF90aXRsZSIsInNldHRpbmdzIjp7ImJlZm9yZSI6IjxoMT4iLCJhZnRlciI6IjwvaDE+In19@[\/et_pb_text][\/et_pb_column][\/et_pb_row][\/et_pb_section][et_pb_section fb_built=\"1\" admin_label=\"Split Section\" _builder_version=\"4.5.8\" custom_margin=\"30px||0px||false|false\" custom_padding=\"0px||0px|\" animation_style=\"fold\" animation_direction=\"bottom\" animation_intensity_fold=\"4%\" da_disable_devices=\"off|off|off\" locked=\"off\" da_is_popup=\"off\" da_exit_intent=\"off\" da_has_close=\"on\" da_alt_close=\"off\" da_dark_close=\"off\" da_not_modal=\"on\" da_is_singular=\"off\" da_with_loader=\"off\" da_has_shadow=\"on\"][et_pb_row column_structure=\"1_2,1_2\" use_custom_gutter=\"on\" make_equal=\"on\" module_class=\" et_pb_row_fullwidth\" _builder_version=\"4.6.1\" background_size=\"initial\" background_position=\"top_left\" background_repeat=\"repeat\" width=\"100%\" width_tablet=\"100%\" width_phone=\"\" width_last_edited=\"on|desktop\" max_width=\"100%\" max_width_tablet=\"100%\" max_width_phone=\"\" max_width_last_edited=\"on|desktop\" custom_margin=\"0px||0px|\" custom_padding=\"0px||0px|\" hover_enabled=\"0\" make_fullwidth=\"on\" sticky_enabled=\"0\"][et_pb_column type=\"1_2\" _builder_version=\"4.5.8\" background_enable_color=\"off\" background_enable_image=\"off\" background_position=\"top_left\" custom_padding=\"30px|60px|30px|60px|true|true\" custom_padding_tablet=\"|30px||30px|true|true\" custom_padding_phone=\"\" custom_padding_last_edited=\"on|tablet\" custom_padding__hover=\"|||\"][et_pb_text _builder_version=\"4.5.8\" _module_preset=\"default\" text_font_size=\"18px\" header_2_font=\"Playfair Display|700|||||||\" header_2_text_align=\"right\" header_2_text_color=\"#336028\" header_2_font_size=\"38px\" header_3_font=\"Playfair Display|700|||||||\" header_3_text_align=\"right\" header_3_text_color=\"#e2b873\" header_3_font_size=\"20px\" text_orientation=\"right\" max_width=\"660px\" module_alignment=\"right\" custom_margin=\"15px||15px||true|false\" header_2_text_align_tablet=\"left\" header_2_text_align_phone=\"\" header_2_text_align_last_edited=\"on|phone\" header_2_font_size_tablet=\"34px\" header_2_font_size_phone=\"30px\" header_2_font_size_last_edited=\"on|phone\" header_3_text_align_tablet=\"left\" header_3_text_align_phone=\"left\" header_3_text_align_last_edited=\"on|desktop\" text_orientation_tablet=\"left\" text_orientation_phone=\"\" text_orientation_last_edited=\"on|tablet\"]<h3>De Sanl\u00facar al mundo<\/h3>\r\n<h2>Presencia en 50 pa\u00edses<\/h2>\r\n<p>En un peque\u00f1o para\u00edso del sur de Espa\u00f1a, Sanl\u00facar de Barrameda, la familia Barbadillo embotell\u00f3 la primera manzanilla en 1821. Desde entonces, esta empresa tan familiar como centenaria no ha dejado de crecer.<\/p>\r\n<p>Lo que comenz\u00f3 siendo una bodega productora de manzanillas, vinos de Jerez y brandies, se ha convertido en un grupo de gran proyecci\u00f3n internacional que, adem\u00e1s de desarrollar nuevos productos dentro de su zona geogr\u00e1fica, ha incorporado bodegas en otras Denominaciones de Origen como Bodegas y Vi\u00f1edos Vega Real, en la D.O. Ribera del Duero, y Bodega Pirineos, en la D.O. Somontano.<\/p>\r\n<p>Barbadillo debe su larga trayectoria de \u00e9xitos a una firme apuesta por la innovaci\u00f3n y la profesionalidad. Valores que, a su vez, le auguran un futuro de expansi\u00f3n constante. Actualmente Barbadillo est\u00e1 presente en m\u00e1s de 50 mercados, entre los que se encuentran Reino Unido, Alemania, B\u00e9lgica, Holanda, Dinamarca y EE.UU. Y contin\u00faa su expansi\u00f3n\u2026<\/p>[\/et_pb_text][\/et_pb_column][et_pb_column type=\"1_2\" _builder_version=\"4.6.1\" background_enable_color=\"off\" background_image=\"https:\/\/www.barbadillo.com\/wp-content\/uploads\/2020\/09\/perfil-corporativo-sanlucar-barrameda-barbadillo.jpg\" custom_padding=\"||||false|false\" hover_enabled=\"0\" custom_padding__hover=\"|||\" alt=\"Perfil Corporativo | Bodegas Barbadillo\" title_text=\"Perfil Corporativo | Bodegas Barbadillo\" sticky_enabled=\"0\"][et_pb_divider color=\"#2ea3f\" divider_style=\"none\" _builder_version=\"4.5.8\" _module_preset=\"default\" height=\"415px\"][\/et_pb_divider][\/et_pb_column][\/et_pb_row][\/et_pb_section][et_pb_section fb_built=\"1\" _builder_version=\"4.5.8\" _module_preset=\"default\" custom_margin=\"0px||0px||true|false\" custom_padding=\"0px||0px||true|false\" da_disable_devices=\"off|off|off\" da_is_popup=\"off\" da_exit_intent=\"off\" da_has_close=\"on\" da_alt_close=\"off\" da_dark_close=\"off\" da_not_modal=\"on\" da_is_singular=\"off\" da_with_loader=\"off\" da_has_shadow=\"on\"][et_pb_row _builder_version=\"4.5.8\" _module_preset=\"default\" max_width=\"720px\" custom_margin=\"0px||0px||true|false\" custom_padding=\"0px||0px||true|false\"][et_pb_column type=\"4_4\" _builder_version=\"4.5.8\" _module_preset=\"default\" custom_padding=\"0px||0px||true|true\"][et_pb_text _builder_version=\"4.5.8\" _module_preset=\"default\" text_font_size=\"18px\" header_2_font=\"Playfair Display|700|||||||\" header_2_text_align=\"center\" header_2_text_color=\"#336028\" header_2_font_size=\"38px\" header_3_font=\"Playfair Display|700|||||||\" header_3_text_align=\"center\" header_3_text_color=\"#e2b873\" header_3_font_size=\"20px\" text_orientation=\"right\" module_alignment=\"center\" custom_margin=\"45px||0px||false|false\" header_2_text_align_tablet=\"left\" header_2_text_align_last_edited=\"off|desktop\" header_2_font_size_tablet=\"34px\" header_2_font_size_phone=\"30px\" header_2_font_size_last_edited=\"on|desktop\" header_3_text_align_tablet=\"left\" header_3_text_align_phone=\"left\" header_3_text_align_last_edited=\"off|desktop\" text_orientation_tablet=\"left\" text_orientation_phone=\"\" text_orientation_last_edited=\"on|tablet\"]<h3>Grupo Barbadillo<\/h3>\r\n<h2>Todo suma para construir una gran compa\u00f1\u00eda como Barbadillo<\/h2>[\/et_pb_text][\/et_pb_column][\/et_pb_row][\/et_pb_section][et_pb_section fb_built=\"1\" _builder_version=\"4.5.8\" _module_preset=\"default\" custom_margin=\"90px||30px||false|false\" custom_padding=\"0px||0px||true|false\" da_disable_devices=\"off|off|off\" da_is_popup=\"off\" da_exit_intent=\"off\" da_has_close=\"on\" da_alt_close=\"off\" da_dark_close=\"off\" da_not_modal=\"on\" da_is_singular=\"off\" da_with_loader=\"off\" da_has_shadow=\"on\"][et_pb_row custom_padding_last_edited=\"on|phone\" _builder_version=\"4.5.8\" _module_preset=\"default\" background_color=\"#f3f3f3\" width_tablet=\"100%\" width_phone=\"\" width_last_edited=\"on|phone\" max_width=\"1200px\" custom_margin=\"60px||0px||false|false\" custom_padding=\"0px|30px|0px|30px|true|true\" custom_padding_tablet=\"\" custom_padding_phone=\"0px|15px|0px|15px|true|true\"][et_pb_column type=\"4_4\" _builder_version=\"4.5.8\" _module_preset=\"default\" custom_padding=\"||||false|false\"][et_pb_text _builder_version=\"4.5.8\" _module_preset=\"default\" text_text_color=\"#ffffff\" header_3_font=\"Playfair Display||||||||\" header_3_text_color=\"#ffffff\" header_3_font_size=\"24px\" background_color=\"#e2b873\" custom_margin=\"-75px|30px|0px|30px|false|true\" custom_padding=\"30px|30px|30px|30px|true|true\"]<h3>Familiar:<\/h3>\r\nBarbadillo es una de las diez empresas familiares m\u00e1s grandes y antiguas de Espa\u00f1a. Con casi 200 a\u00f1os de historia sigue siendo una empresa cien por cien familiar. Un lugar donde cuidamos y respetamos la tradici\u00f3n sin dejar de lado la importancia de la constante innovaci\u00f3n.\r\n\r\n<h3>Pionera: <\/h3>Llevamos siglos a la vanguardia del sector, pioneros en multitud de aspectos. Embotellamos la primera manzanilla exportada a Filadelfia en 1827. Fuimos los primeros en denominar a este tipo de vino \u201cManzanilla\u201d. Produjimos el primer vino blanco andaluz 100% palomino fina en 1975.\r\n\r\n<h3>Innovadora:<\/h3> Debido a nuestra naturaleza pionera, Barbadillo lleva a sus espaldas numerosos logros en el campo de la innovaci\u00f3n. Un ejemplo de ello es el esfuerzo y trabajo invertidos en la recuperaci\u00f3n de la variedad de uva aut\u00f3ctona Tintilla de Rota, que se encontraba casi extinta.\r\n\r\n<h3>Exportadora: <\/h3>Desde 1827 exportamos manzanilla y otros vinos por todo el mundo. Por eso nuestra experiencia y trayectoria en este \u00e1mbito est\u00e1n ampliamente garantizadas. Estamos presentes en m\u00e1s de 50 pa\u00edses: Alemania, Francia, Dinamarca, Reino Unido, Estados Unidos, Jap\u00f3n, Rusia...\r\n\r\n<h3>Vanguardista: <\/h3>Seguimos elaborando vinos en los mismos espacios en los que se criaban hace 200 a\u00f1os, respetando la tradici\u00f3n, mientras innovamos en t\u00e9cnicas y procesos como las etiquetas inteligentes, la presencia de aguja de manera natural o el control mediante Big Data e inteligencia artificial.[\/et_pb_text][\/et_pb_column][\/et_pb_row][\/et_pb_section]","_et_gb_content_width":"","footnotes":""},"class_list":["post-79284","page","type-page","status-publish","hentry"],"acf":[],"_links":{"self":[{"href":"https:\/\/www.barbadillo.com\/en\/wp-json\/wp\/v2\/pages\/79284","targetHints":{"allow":["GET"]}}],"collection":[{"href":"https:\/\/www.barbadillo.com\/en\/wp-json\/wp\/v2\/pages"}],"about":[{"href":"https:\/\/www.barbadillo.com\/en\/wp-json\/wp\/v2\/types\/page"}],"author":[{"embeddable":true,"href":"https:\/\/www.barbadillo.com\/en\/wp-json\/wp\/v2\/users\/1"}],"replies":[{"embeddable":true,"href":"https:\/\/www.barbadillo.com\/en\/wp-json\/wp\/v2\/comments?post=79284"}],"version-history":[{"count":1,"href":"https:\/\/www.barbadillo.com\/en\/wp-json\/wp\/v2\/pages\/79284\/revisions"}],"predecessor-version":[{"id":79513,"href":"https:\/\/www.barbadillo.com\/en\/wp-json\/wp\/v2\/pages\/79284\/revisions\/79513"}],"wp:attachment":[{"href":"https:\/\/www.barbadillo.com\/en\/wp-json\/wp\/v2\/media?parent=79284"}],"curies":[{"name":"wp","href":"https:\/\/api.w.org\/{rel}","templated":true}]}}