{"id":79354,"date":"2020-10-16T16:43:07","date_gmt":"2020-10-16T16:43:07","guid":{"rendered":"https:\/\/www.barbadillo.com\/?page_id=79354"},"modified":"2024-07-17T18:01:38","modified_gmt":"2024-07-17T18:01:38","slug":"home","status":"publish","type":"page","link":"https:\/\/www.barbadillo.com\/en\/","title":{"rendered":"Home Barbadillo"},"content":{"rendered":"<p>[et_pb_section fb_built=&#8221;1&#8243; fullwidth=&#8221;on&#8221; _builder_version=&#8221;4.16&#8243; _module_preset=&#8221;default&#8221; background_enable_video_mp4=&#8221;off&#8221; custom_margin=&#8221;60px||||false|false&#8221; da_disable_devices=&#8221;off|off|off&#8221; global_colors_info=&#8221;{}&#8221; da_is_popup=&#8221;off&#8221; da_exit_intent=&#8221;off&#8221; da_has_close=&#8221;on&#8221; da_alt_close=&#8221;off&#8221; da_dark_close=&#8221;off&#8221; da_not_modal=&#8221;on&#8221; da_is_singular=&#8221;off&#8221; da_with_loader=&#8221;off&#8221; da_has_shadow=&#8221;on&#8221;][et_pb_fullwidth_code _builder_version=&#8221;4.16&#8243; _module_preset=&#8221;default&#8221; positioning=&#8221;absolute&#8221; width=&#8221;100%&#8221; locked=&#8221;off&#8221; global_colors_info=&#8221;{}&#8221;]\n\t\t\t<!-- START barbadillo REVOLUTION SLIDER 6.6.20 --><p class=\"rs-p-wp-fix\"><\/p>\n\t\t\t<rs-module-wrap id=\"rev_slider_1_1_wrapper\" data-source=\"gallery\" style=\"visibility:hidden;background:transparent;padding:0;\">\n\t\t\t\t<rs-module id=\"rev_slider_1_1\" style=\"\" data-version=\"6.6.20\">\n\t\t\t\t\t<rs-slides style=\"overflow: hidden; position: absolute;\">\n\t\t\t\t\t\t<rs-slide style=\"position: absolute;\" data-key=\"rs-1\" data-title=\"Barbadillo Home\" data-anim=\"adpr:false;\" data-in=\"o:0;\" data-out=\"a:false;\">\n\t\t\t\t\t\t\t<img decoding=\"async\" src=\"\/\/www.barbadillo.com\/wp-content\/plugins\/revslider\/public\/assets\/assets\/dummy.png\" alt=\"\" title=\"Home Barbadillo\" class=\"rev-slidebg tp-rs-img rs-lazyload\" data-lazyload=\"\/\/www.barbadillo.com\/wp-content\/plugins\/revslider\/public\/assets\/assets\/transparent.png\" data-no-retina>\n\t\t\t\t\t\t\t<rs-bgvideo \n\t\t\t\t\t\t\t\tdata-video=\"vc:none;w:100%;h:100%;nse:false;l:true;ptimer:false;\"\n\t\t\t\t\t\t\t\tdata-ytid=\"_pGpCaS8yzg\"\n\t\t\t\t\t\t\t\tdata-vatr=\"version=3&amp;enablejsapi=1&amp;html5=1&amp;hd=1&amp;wmode=opaque&amp;showinfo=0&amp;rel=0&amp;origin=https:\/\/www.barbadillo.com;\"\n\t\t\t\t\t\t\t><\/rs-bgvideo>\n<!---->\t\t\t\t\t\t<\/rs-slide>\n\t\t\t\t\t<\/rs-slides>\n\t\t\t\t<\/rs-module>\n\t\t\t\t<script>\n\t\t\t\t\tsetREVStartSize({c: 'rev_slider_1_1',rl:[1240,1024,778,480],el:[900],gw:[1240],gh:[900],type:'hero',justify:'',layout:'fullscreen',offsetContainer:'',offset:'',mh:\"0\"});if (window.RS_MODULES!==undefined && window.RS_MODULES.modules!==undefined && window.RS_MODULES.modules[\"revslider11\"]!==undefined) {window.RS_MODULES.modules[\"revslider11\"].once = false;window.revapi1 = undefined;if (window.RS_MODULES.checkMinimal!==undefined) window.RS_MODULES.checkMinimal()}\n\t\t\t\t<\/script>\n\t\t\t\t<script src=\"https:\/\/www.youtube.com\/iframe_api\"><\/script>\n\t\t\t<\/rs-module-wrap>\n\t\t\t<!-- END REVOLUTION SLIDER -->\n[\/et_pb_fullwidth_code][et_pb_fullwidth_header title=&#8221;Bodegas Barbadillo&#8221; header_scroll_down=&#8221;on&#8221; button_one_text=&#8221;Discover Barbadillo&#8221; button_one_url=&#8221;https:\/\/devbarbadillo.klimway.com\/en\/bodegas-barbadillo\/&#8221; button_two_text=&#8221;Visits&#8221; button_two_url=&#8221;https:\/\/www.barbadillo.com\/en\/visits-bodegas-barbadillo\/&#8221; content_max_width=&#8221;500px&#8221; admin_label=&#8221;T\u00edtulo de anchura completa&#8221; module_id=&#8221;one&#8221; module_class=&#8221;fullheight&#8221; _builder_version=&#8221;4.17.4&#8243; _module_preset=&#8221;default&#8221; title_font=&#8221;Playfair Display SC||||||||&#8221; title_text_color=&#8221;#f3f3f3&#8243; title_font_size=&#8221;42px&#8221; content_font_size=&#8221;18px&#8221; background_enable_color=&#8221;off&#8221; background_enable_image=&#8221;off&#8221; background_enable_video_mp4=&#8221;off&#8221; background_enable_video_webm=&#8221;off&#8221; background_video_width=&#8221;100%&#8221; allow_player_pause=&#8221;on&#8221; custom_button_one=&#8221;on&#8221; button_one_bg_color=&#8221;#e2b873&#8243; button_one_border_width=&#8221;0px&#8221; button_one_border_radius=&#8221;30px&#8221; button_one_use_icon=&#8221;off&#8221; custom_button_two=&#8221;on&#8221; button_two_bg_color=&#8221;#e2b873&#8243; button_two_border_width=&#8221;0px&#8221; button_two_border_radius=&#8221;30px&#8221; button_two_use_icon=&#8221;off&#8221; z_index=&#8221;99&#8243; custom_margin=&#8221;||||false|false&#8221; custom_css_main_element=&#8221;height: calc(100vh &#8211; 60px);&#8221; custom_css_title=&#8221;margin-top:6vw;&#8221; global_colors_info=&#8221;{}&#8221; custom_css_title_last_edited=&#8221;on|phone&#8221; custom_css_title_tablet=&#8221;margin-top:2vw;&#8221; custom_css_title_phone=&#8221;margin-top:0;&#8221;]<\/p>\n<p>With you since 1821. Discover our history, our wines, how to visit our wineries and news from Barbadillo.<\/p>\n<p>[\/et_pb_fullwidth_header][\/et_pb_section][et_pb_section fb_built=&#8221;1&#8243; _builder_version=&#8221;4.16&#8243; _module_preset=&#8221;default&#8221; z_index=&#8221;99&#8243; custom_margin=&#8221;0px||0px||true|false&#8221; custom_padding=&#8221;0px||0px||true|false&#8221; da_disable_devices=&#8221;off|off|off&#8221; global_colors_info=&#8221;{}&#8221; da_is_popup=&#8221;off&#8221; da_exit_intent=&#8221;off&#8221; da_has_close=&#8221;on&#8221; da_alt_close=&#8221;off&#8221; da_dark_close=&#8221;off&#8221; da_not_modal=&#8221;on&#8221; da_is_singular=&#8221;off&#8221; da_with_loader=&#8221;off&#8221; da_has_shadow=&#8221;on&#8221;][et_pb_row disabled_on=&#8221;on|off|off&#8221; _builder_version=&#8221;4.16&#8243; _module_preset=&#8221;default&#8221; background_color=&#8221;rgba(255,255,255,0.88)&#8221; positioning=&#8221;absolute&#8221; position_origin_a=&#8221;top_right&#8221; vertical_offset=&#8221;-320px&#8221; horizontal_offset=&#8221;199px&#8221; position_origin_a_tablet=&#8221;top_center&#8221; position_origin_a_phone=&#8221;&#8221; position_origin_a_last_edited=&#8221;on|tablet&#8221; position_origin_f_tablet=&#8221;&#8221; position_origin_f_phone=&#8221;&#8221; position_origin_f_last_edited=&#8221;on|desktop&#8221; position_origin_r_tablet=&#8221;&#8221; position_origin_r_phone=&#8221;&#8221; position_origin_r_last_edited=&#8221;on|desktop&#8221; max_width=&#8221;600px&#8221; custom_padding=&#8221;10px|5px|10px|5px|true|true&#8221; positioning_tablet=&#8221;&#8221; positioning_phone=&#8221;none&#8221; positioning_last_edited=&#8221;on|phone&#8221; global_colors_info=&#8221;{}&#8221;][et_pb_column type=&#8221;4_4&#8243; _builder_version=&#8221;4.16&#8243; _module_preset=&#8221;default&#8221; background_enable_color=&#8221;off&#8221; custom_padding=&#8221;5px|10px|5px|10px|true|true&#8221; global_colors_info=&#8221;{}&#8221;][et_pb_text _builder_version=&#8221;4.16&#8243; _module_preset=&#8221;default&#8221; header_2_font=&#8221;Playfair Display SC|700|||||||&#8221; header_2_text_color=&#8221;#336028&#8243; header_3_font=&#8221;Playfair Display SC|700|||||||&#8221; header_3_text_color=&#8221;#e2b873&#8243; header_3_font_size=&#8221;20px&#8221; custom_margin=&#8221;0px||0px||true|false&#8221; custom_padding=&#8221;0px||0px||true|false&#8221; global_colors_info=&#8221;{}&#8221;]<\/p>\n<h3>Unique products<\/h3>\n<h2>Discover our wines<\/h2>\n<p>Here you can find the perfect wine for you or for that special someone. Enjoy it at home with just one click.[\/et_pb_text][et_pb_button button_url=&#8221;https:\/\/devbarbadillo.klimway.com\/en\/shop-home\/&#8221; button_text=&#8221;Shop&#8221; button_alignment=&#8221;left&#8221; button_alignment_tablet=&#8221;center&#8221; button_alignment_phone=&#8221;center&#8221; button_alignment_last_edited=&#8221;off|desktop&#8221; _builder_version=&#8221;4.16&#8243; _module_preset=&#8221;default&#8221; custom_button=&#8221;on&#8221; button_text_size=&#8221;18px&#8221; button_text_color=&#8221;#ffffff&#8221; button_bg_color=&#8221;#e2b873&#8243; button_border_width=&#8221;0px&#8221; button_border_radius=&#8221;40px&#8221; button_letter_spacing=&#8221;2px&#8221; button_font=&#8221;|700||on|||||&#8221; custom_margin=&#8221;15px||||false|false&#8221; locked=&#8221;off&#8221; global_colors_info=&#8221;{}&#8221;][\/et_pb_button][et_pb_image src=&#8221;https:\/\/www.barbadillo.com\/wp-content\/uploads\/2022\/12\/Barbadillo_Blanco_de_Albariza_300x600.png&#8221; alt=&#8221;Castillo de San Diego | Barbadillo&#8221; title_text=&#8221;Barbadillo_Blanco_de_Albariza_300x600&#8243; align=&#8221;right&#8221; _builder_version=&#8221;4.19.3&#8243; _module_preset=&#8221;default&#8221; positioning=&#8221;absolute&#8221; position_origin_a=&#8221;bottom_right&#8221; vertical_offset=&#8221;-36px&#8221; horizontal_offset=&#8221;-89px&#8221; width=&#8221;100%&#8221; max_width=&#8221;160px&#8221; global_colors_info=&#8221;{}&#8221;][\/et_pb_image][\/et_pb_column][\/et_pb_row][et_pb_row column_structure=&#8221;1_2,1_2&#8243; disabled_on=&#8221;off|on|on&#8221; module_class=&#8221;block-home-buton&#8221; _builder_version=&#8221;4.16.1&#8243; _module_preset=&#8221;default&#8221; positioning=&#8221;absolute&#8221; position_origin_a=&#8221;top_center&#8221; vertical_offset=&#8221;-174px&#8221; width_tablet=&#8221;&#8221; width_phone=&#8221;100%&#8221; width_last_edited=&#8221;on|phone&#8221; global_colors_info=&#8221;{}&#8221;][et_pb_column type=&#8221;1_2&#8243; _builder_version=&#8221;4.16&#8243; _module_preset=&#8221;default&#8221; global_colors_info=&#8221;{}&#8221;][et_pb_button button_url=&#8221;https:\/\/devbarbadillo.klimway.com\/en\/shop-home\/&#8221; button_text=&#8221;Shop&#8221; button_alignment=&#8221;center&#8221; button_alignment_tablet=&#8221;center&#8221; button_alignment_phone=&#8221;center&#8221; button_alignment_last_edited=&#8221;off|desktop&#8221; _builder_version=&#8221;4.16.1&#8243; _module_preset=&#8221;default&#8221; custom_button=&#8221;on&#8221; button_text_size=&#8221;18px&#8221; button_text_color=&#8221;#ffffff&#8221; button_bg_color=&#8221;#e2b873&#8243; button_border_width=&#8221;0px&#8221; button_border_radius=&#8221;40px&#8221; button_letter_spacing=&#8221;2px&#8221; button_font=&#8221;|700||on|||||&#8221; custom_margin=&#8221;15px||||false|false&#8221; locked=&#8221;off&#8221; global_colors_info=&#8221;{}&#8221;][\/et_pb_button][\/et_pb_column][et_pb_column type=&#8221;1_2&#8243; _builder_version=&#8221;4.16&#8243; _module_preset=&#8221;default&#8221; global_colors_info=&#8221;{}&#8221;][et_pb_button button_url=&#8221;https:\/\/www.barbadillo.com\/en\/visits-bodegas-barbadillo\/&#8221; button_text=&#8221;Visits&#8221; button_alignment=&#8221;center&#8221; button_alignment_tablet=&#8221;center&#8221; button_alignment_phone=&#8221;center&#8221; button_alignment_last_edited=&#8221;off|desktop&#8221; _builder_version=&#8221;4.17.4&#8243; _module_preset=&#8221;default&#8221; custom_button=&#8221;on&#8221; button_text_size=&#8221;18px&#8221; button_text_color=&#8221;#ffffff&#8221; button_bg_color=&#8221;#e2b873&#8243; button_border_width=&#8221;0px&#8221; button_border_radius=&#8221;40px&#8221; button_letter_spacing=&#8221;2px&#8221; button_font=&#8221;|700||on|||||&#8221; custom_margin=&#8221;15px||||false|false&#8221; locked=&#8221;off&#8221; global_colors_info=&#8221;{}&#8221;][\/et_pb_button][\/et_pb_column][\/et_pb_row][\/et_pb_section]<\/p>\n","protected":false},"excerpt":{"rendered":"<p>\n\t\t\t<!-- START barbadillo REVOLUTION SLIDER 6.6.20 --><p class=\"rs-p-wp-fix\"><\/p>\n\t\t\t<rs-module-wrap id=\"rev_slider_1_2_wrapper\" data-source=\"gallery\" style=\"visibility:hidden;background:transparent;padding:0;\">\n\t\t\t\t<rs-module id=\"rev_slider_1_2\" style=\"\" data-version=\"6.6.20\">\n\t\t\t\t\t<rs-slides style=\"overflow: hidden; position: absolute;\">\n\t\t\t\t\t\t<rs-slide style=\"position: absolute;\" data-key=\"rs-1\" data-title=\"Barbadillo Home\" data-anim=\"adpr:false;\" data-in=\"o:0;\" data-out=\"a:false;\">\n\t\t\t\t\t\t\t<img decoding=\"async\" src=\"\/\/www.barbadillo.com\/wp-content\/plugins\/revslider\/public\/assets\/assets\/dummy.png\" alt=\"\" title=\"Home Barbadillo\" class=\"rev-slidebg tp-rs-img rs-lazyload\" data-lazyload=\"\/\/www.barbadillo.com\/wp-content\/plugins\/revslider\/public\/assets\/assets\/transparent.png\" data-no-retina>\n\t\t\t\t\t\t\t<rs-bgvideo \n\t\t\t\t\t\t\t\tdata-video=\"vc:none;w:100%;h:100%;nse:false;l:true;ptimer:false;\"\n\t\t\t\t\t\t\t\tdata-ytid=\"_pGpCaS8yzg\"\n\t\t\t\t\t\t\t\tdata-vatr=\"version=3&amp;enablejsapi=1&amp;html5=1&amp;hd=1&amp;wmode=opaque&amp;showinfo=0&amp;rel=0&amp;origin=https:\/\/www.barbadillo.com;\"\n\t\t\t\t\t\t\t><\/rs-bgvideo>\n<!---->\t\t\t\t\t\t<\/rs-slide>\n\t\t\t\t\t<\/rs-slides>\n\t\t\t\t<\/rs-module>\n\t\t\t\t<script>\n\t\t\t\t\tsetREVStartSize({c: 'rev_slider_1_2',rl:[1240,1024,778,480],el:[900],gw:[1240],gh:[900],type:'hero',justify:'',layout:'fullscreen',offsetContainer:'',offset:'',mh:\"0\"});if (window.RS_MODULES!==undefined && window.RS_MODULES.modules!==undefined && window.RS_MODULES.modules[\"revslider12\"]!==undefined) {window.RS_MODULES.modules[\"revslider12\"].once = false;window.revapi1_2 = undefined;if (window.RS_MODULES.checkMinimal!==undefined) window.RS_MODULES.checkMinimal()}\n\t\t\t\t<\/script>\n\t\t\t<\/rs-module-wrap>\n\t\t\t<!-- END REVOLUTION SLIDER -->\nWith you since 1821. Discover our history, our wines, how to visit our wineries and news from Barbadillo.Unique products Discover our wines Here you can find the perfect wine for you or for that special someone. Enjoy it at home with just one click.<\/p>\n","protected":false},"author":1,"featured_media":0,"parent":0,"menu_order":0,"comment_status":"closed","ping_status":"closed","template":"","meta":{"_acf_changed":false,"_et_pb_use_builder":"on","_et_pb_old_content":"[et_pb_section fb_built=\"1\" fullwidth=\"on\" _builder_version=\"4.6.1\" _module_preset=\"default\" background_enable_video_mp4=\"off\" custom_margin=\"60px||||false|false\" da_disable_devices=\"off|off|off\" da_is_popup=\"off\" da_exit_intent=\"off\" da_has_close=\"on\" da_alt_close=\"off\" da_dark_close=\"off\" da_not_modal=\"on\" da_is_singular=\"off\" da_with_loader=\"off\" da_has_shadow=\"on\"][et_pb_fullwidth_header title=\"Bodegas Barbadillo\" header_scroll_down=\"on\" button_one_text=\"Descubre Barbadillo\" button_one_url=\"https:\/\/www.barbadillo.com\/bodega-barbadillo\/\" content_max_width=\"500px\" module_id=\"one\" module_class=\"fullheight\" _builder_version=\"4.6.1\" _module_preset=\"default\" title_font=\"Playfair Display SC||||||||\" title_text_color=\"#f3f3f3\" title_font_size=\"42px\" content_font_size=\"18px\" background_color=\"#f3f3f3\" background_enable_image=\"off\" background_video_mp4=\"https:\/\/www.barbadillo.com\/wp-content\/uploads\/2020\/09\/video-barbadillo-home.mp4\" background_enable_video_webm=\"off\" background_video_width=\"100%\" allow_player_pause=\"on\" custom_button_one=\"on\" button_one_bg_color=\"#e2b873\" button_one_border_width=\"0px\" button_one_border_radius=\"30px\" button_one_use_icon=\"off\" custom_margin=\"||||false|false\" custom_css_main_element=\"height: calc(100vh - 60px);\" custom_css_title=\"margin-top:6vw;\" custom_css_title_last_edited=\"on|phone\" custom_css_title_tablet=\"margin-top:2vw;\" custom_css_title_phone=\"margin-top:0;\"]Contigo desde 1821. Conoce nuestra historia, nuestros vinos, c\u00f3mo visitar nuestras bodegas y la actualidad de Barbadillo[\/et_pb_fullwidth_header][\/et_pb_section][et_pb_section fb_built=\"1\" _builder_version=\"4.5.8\" _module_preset=\"default\" custom_margin=\"0px||0px||true|false\" custom_padding=\"0px||0px||true|false\" da_disable_devices=\"off|off|off\" da_is_popup=\"off\" da_exit_intent=\"off\" da_has_close=\"on\" da_alt_close=\"off\" da_dark_close=\"off\" da_not_modal=\"on\" da_is_singular=\"off\" da_with_loader=\"off\" da_has_shadow=\"on\"][et_pb_row disabled_on=\"on|off|off\" _builder_version=\"4.6.1\" _module_preset=\"default\" background_color=\"rgba(255,255,255,0.88)\" positioning=\"absolute\" position_origin_a=\"top_right\" vertical_offset=\"-320px\" horizontal_offset=\"199px\" position_origin_a_tablet=\"top_center\" position_origin_a_phone=\"\" position_origin_a_last_edited=\"on|tablet\" position_origin_f_tablet=\"\" position_origin_f_phone=\"\" position_origin_f_last_edited=\"on|desktop\" position_origin_r_tablet=\"\" position_origin_r_phone=\"\" position_origin_r_last_edited=\"on|desktop\" max_width=\"600px\" custom_padding=\"10px|5px|10px|5px|true|true\" hover_enabled=\"0\" positioning_tablet=\"\" positioning_phone=\"none\" positioning_last_edited=\"on|phone\" sticky_enabled=\"0\"][et_pb_column type=\"4_4\" _builder_version=\"4.6.1\" _module_preset=\"default\" custom_padding=\"5px|10px|5px|10px|true|true\" hover_enabled=\"0\" sticky_enabled=\"0\" background_enable_color=\"off\"][et_pb_text _builder_version=\"4.6.1\" _module_preset=\"default\" header_2_font=\"Playfair Display SC|700|||||||\" header_2_text_color=\"#336028\" header_3_font=\"Playfair Display SC|700|||||||\" header_3_text_color=\"#e2b873\" hover_enabled=\"0\" custom_margin=\"0px||0px||true|false\" custom_padding=\"0px||0px||true|false\" sticky_enabled=\"0\" header_3_font_size=\"20px\"]<h3>Productos \u00fanicos<\/h3>\r\n<h2>Descubre nuestros vinos<\/h2>\r\nAqu\u00ed encontrar\u00e1s el vino perfecto para ti o para ese alguien especial. Disfr\u00fatalos en casa en un solo clic.[\/et_pb_text][et_pb_button button_url=\"https:\/\/www.barbadillo.com\/\" url_new_window=\"on\" button_text=\"Tienda\" button_alignment=\"left\" button_alignment_tablet=\"center\" button_alignment_phone=\"center\" button_alignment_last_edited=\"off|desktop\" _builder_version=\"4.5.8\" _module_preset=\"default\" custom_button=\"on\" button_text_size=\"18px\" button_text_color=\"#ffffff\" button_bg_color=\"#e2b873\" button_border_width=\"0px\" button_border_radius=\"40px\" button_letter_spacing=\"2px\" button_font=\"|700||on|||||\" custom_margin=\"15px||||false|false\" locked=\"off\"][\/et_pb_button][et_pb_image src=\"https:\/\/www.barbadillo.com\/wp-content\/uploads\/2020\/07\/castillo-de-san-diego-barbadillo.png\" alt=\"Castillo de San Diego | Barbadillo\" title_text=\"Castillo de San Diego | Barbadillo\" align=\"right\" _builder_version=\"4.6.1\" _module_preset=\"default\" positioning=\"absolute\" position_origin_a=\"bottom_right\" vertical_offset=\"-36px\" horizontal_offset=\"-89px\" width=\"100%\" max_width=\"160px\" hover_enabled=\"0\" sticky_enabled=\"0\"][\/et_pb_image][\/et_pb_column][\/et_pb_row][et_pb_row disabled_on=\"off|on|on\" _builder_version=\"4.5.8\" _module_preset=\"default\" positioning=\"absolute\" position_origin_a=\"top_center\" vertical_offset=\"-174px\" width_tablet=\"\" width_phone=\"100%\" width_last_edited=\"on|phone\"][et_pb_column type=\"4_4\" _builder_version=\"4.5.8\" _module_preset=\"default\"][et_pb_button button_url=\"https:\/\/www.barbadillo.com\/\" url_new_window=\"on\" button_text=\"Tienda\" button_alignment=\"center\" button_alignment_tablet=\"center\" button_alignment_phone=\"center\" button_alignment_last_edited=\"off|desktop\" _builder_version=\"4.5.8\" _module_preset=\"default\" custom_button=\"on\" button_text_size=\"18px\" button_text_color=\"#ffffff\" button_bg_color=\"#e2b873\" button_border_width=\"0px\" button_border_radius=\"40px\" button_letter_spacing=\"2px\" button_font=\"|700||on|||||\" custom_margin=\"15px||||false|false\" locked=\"off\"][\/et_pb_button][\/et_pb_column][\/et_pb_row][\/et_pb_section][et_pb_section fb_built=\"1\" fullwidth=\"on\" _builder_version=\"4.6.1\" _module_preset=\"default\" background_enable_video_mp4=\"off\" custom_margin=\"||||false|false\" da_disable_devices=\"off|off|off\" da_is_popup=\"off\" da_exit_intent=\"off\" da_has_close=\"on\" da_alt_close=\"off\" da_dark_close=\"off\" da_not_modal=\"on\" da_is_singular=\"off\" da_with_loader=\"off\" da_has_shadow=\"on\"][et_pb_fullwidth_header title=\"Bodega Pirineos\" text_orientation=\"right\" header_scroll_down=\"on\" button_one_text=\"Descubre Pirineos\" button_one_url=\"https:\/\/www.barbadillo.com\/bodega-pirineos\/\" content_max_width=\"500px\" module_id=\"two\" module_class=\"fullheight\" _builder_version=\"4.6.1\" _module_preset=\"default\" title_level=\"h2\" title_font=\"Playfair Display SC||||||||\" title_text_color=\"#ffffff\" title_font_size=\"42px\" content_font_size=\"18px\" background_enable_color=\"off\" background_enable_image=\"off\" background_video_mp4=\"https:\/\/www.barbadillo.com\/wp-content\/uploads\/2020\/09\/video-pirineos-home.mp4\" background_enable_video_webm=\"off\" background_video_width=\"100%\" custom_button_one=\"on\" button_one_bg_color=\"#e2b873\" button_one_border_width=\"0px\" button_one_border_radius=\"30px\" button_one_use_icon=\"off\" custom_css_main_element=\"height: calc(100vh - 60px);\" custom_css_title=\"margin-top:6vw;\" custom_css_title_last_edited=\"on|tablet\" custom_css_title_tablet=\"margin-top:4vw;\" custom_css_title_phone=\"margin-top:0;\"]Vi\u00f1edos y vinos del coraz\u00f3n del Somontano. Respeto por el pasado y por la tradici\u00f3n. Conoce todo sobre esta bodega.[\/et_pb_fullwidth_header][\/et_pb_section][et_pb_section fb_built=\"1\" fullwidth=\"on\" _builder_version=\"4.6.1\" _module_preset=\"default\" background_enable_video_mp4=\"off\" custom_margin=\"||||false|false\" da_disable_devices=\"off|off|off\" da_is_popup=\"off\" da_exit_intent=\"off\" da_has_close=\"on\" da_alt_close=\"off\" da_dark_close=\"off\" da_not_modal=\"on\" da_is_singular=\"off\" da_with_loader=\"off\" da_has_shadow=\"on\"][et_pb_fullwidth_header title=\"Bodegas Vega Real\" header_scroll_down=\"on\" button_one_text=\"Descubre Vega Real\" button_one_url=\"https:\/\/www.barbadillo.com\/bodega-vega-real\/\" content_max_width=\"500px\" module_id=\"three\" module_class=\"fullheight\" _builder_version=\"4.6.1\" _module_preset=\"default\" title_level=\"h2\" title_font=\"Playfair Display SC||||||||\" title_text_color=\"#f3f3f3\" title_font_size=\"42px\" content_font_size=\"18px\" background_enable_color=\"off\" background_enable_image=\"off\" background_video_mp4=\"https:\/\/www.barbadillo.com\/wp-content\/uploads\/2020\/09\/video-vega-real-home.mp4\" background_video_width=\"100%\" custom_button_one=\"on\" button_one_bg_color=\"#e2b873\" button_one_border_width=\"0px\" button_one_border_radius=\"30px\" button_one_use_icon=\"off\" custom_css_main_element=\"height: calc(100vh - 60px);\" custom_css_title=\"margin-top:6vw;\" custom_css_title_last_edited=\"on|phone\" custom_css_title_tablet=\"margin-top:4vw;\" custom_css_title_phone=\"margin-top:0;\"]Nuestra forma de interpretar la Ribera del Duero. Descubre nuestro saber hacer, nuestros vinos, actualidad y visita el coraz\u00f3n de la Ribera.[\/et_pb_fullwidth_header][\/et_pb_section]","_et_gb_content_width":"","footnotes":""},"class_list":["post-79354","page","type-page","status-publish","hentry"],"acf":[],"_links":{"self":[{"href":"https:\/\/www.barbadillo.com\/en\/wp-json\/wp\/v2\/pages\/79354","targetHints":{"allow":["GET"]}}],"collection":[{"href":"https:\/\/www.barbadillo.com\/en\/wp-json\/wp\/v2\/pages"}],"about":[{"href":"https:\/\/www.barbadillo.com\/en\/wp-json\/wp\/v2\/types\/page"}],"author":[{"embeddable":true,"href":"https:\/\/www.barbadillo.com\/en\/wp-json\/wp\/v2\/users\/1"}],"replies":[{"embeddable":true,"href":"https:\/\/www.barbadillo.com\/en\/wp-json\/wp\/v2\/comments?post=79354"}],"version-history":[{"count":16,"href":"https:\/\/www.barbadillo.com\/en\/wp-json\/wp\/v2\/pages\/79354\/revisions"}],"predecessor-version":[{"id":139260,"href":"https:\/\/www.barbadillo.com\/en\/wp-json\/wp\/v2\/pages\/79354\/revisions\/139260"}],"wp:attachment":[{"href":"https:\/\/www.barbadillo.com\/en\/wp-json\/wp\/v2\/media?parent=79354"}],"curies":[{"name":"wp","href":"https:\/\/api.w.org\/{rel}","templated":true}]}}