{"id":79452,"date":"2020-10-16T11:26:38","date_gmt":"2020-10-16T11:26:38","guid":{"rendered":"https:\/\/www.barbadillo.com\/?page_id=79452"},"modified":"2021-05-20T16:46:28","modified_gmt":"2021-05-20T16:46:28","slug":"contact-us","status":"publish","type":"page","link":"https:\/\/www.barbadillo.com\/en\/contact-us\/","title":{"rendered":"Contact us"},"content":{"rendered":"<p>[et_pb_section fb_built=&#8221;1&#8243; admin_label=&#8221;Hero Section&#8221; _builder_version=&#8221;4.6.1&#8243; background_enable_color=&#8221;off&#8221; background_color_gradient_direction=&#8221;131deg&#8221; background_image=&#8221;https:\/\/www.barbadillo.com\/wp-content\/uploads\/2020\/10\/contacto-bodega-barbadillo.jpg&#8221; background_blend=&#8221;darken&#8221; custom_margin=&#8221;60px||||false|false&#8221; custom_padding=&#8221;0px||0px||false|false&#8221; animation_direction=&#8221;top&#8221; da_disable_devices=&#8221;off|off|off&#8221; locked=&#8221;off&#8221; da_is_popup=&#8221;off&#8221; da_exit_intent=&#8221;off&#8221; da_has_close=&#8221;on&#8221; da_alt_close=&#8221;off&#8221; da_dark_close=&#8221;off&#8221; da_not_modal=&#8221;on&#8221; da_is_singular=&#8221;off&#8221; da_with_loader=&#8221;off&#8221; da_has_shadow=&#8221;on&#8221;][et_pb_row custom_padding_last_edited=&#8221;on|phone&#8221; _builder_version=&#8221;4.5.8&#8243; custom_margin=&#8221;0px|auto|0px|auto|true|false&#8221; custom_padding=&#8221;50px||50px||true|false&#8221; custom_padding_tablet=&#8221;40px||40px||true|false&#8221; custom_padding_phone=&#8221;25px||25px||true|false&#8221; custom_width_px=&#8221;1440px&#8221;][et_pb_column type=&#8221;4_4&#8243; _builder_version=&#8221;4.5.8&#8243; custom_padding=&#8221;|||&#8221; custom_padding__hover=&#8221;|||&#8221;][et_pb_text _builder_version=&#8221;4.5.8&#8243; _dynamic_attributes=&#8221;content&#8221; text_font=&#8221;Playfair Display||||||||&#8221; text_line_height=&#8221;1.4em&#8221; header_font=&#8221;Playfair Display|700|||||||&#8221; header_text_align=&#8221;center&#8221; header_text_color=&#8221;#f3f3f3&#8243; header_font_size=&#8221;36px&#8221; header_2_font=&#8221;||||||||&#8221; header_3_font=&#8221;||||||||&#8221; header_4_font=&#8221;||||||||&#8221; header_5_font=&#8221;||||||||&#8221; header_6_font=&#8221;||||||||&#8221; custom_margin=&#8221;0px||0px||false|false&#8221; custom_padding=&#8221;0px||0px||true|false&#8221; custom_padding_tablet=&#8221;&#8221; custom_padding_phone=&#8221;0px|0px|0px|0px|true|false&#8221; custom_padding_last_edited=&#8221;on|phone&#8221; header_font_size_tablet=&#8221;32px&#8221; header_font_size_phone=&#8221;28px&#8221; header_font_size_last_edited=&#8221;on|phone&#8221; locked=&#8221;off&#8221;]@ET-DC@eyJkeW5hbWljIjp0cnVlLCJjb250ZW50IjoicG9zdF90aXRsZSIsInNldHRpbmdzIjp7ImJlZm9yZSI6IjxoMT4iLCJhZnRlciI6IjwvaDE+In19@[\/et_pb_text][\/et_pb_column][\/et_pb_row][\/et_pb_section][et_pb_section fb_built=&#8221;1&#8243; _builder_version=&#8221;4.5.8&#8243; _module_preset=&#8221;default&#8221; custom_margin=&#8221;90px||30px||false|false&#8221; custom_padding=&#8221;0px||0px||true|false&#8221; da_disable_devices=&#8221;off|off|off&#8221; da_is_popup=&#8221;off&#8221; da_exit_intent=&#8221;off&#8221; da_has_close=&#8221;on&#8221; da_alt_close=&#8221;off&#8221; da_dark_close=&#8221;off&#8221; da_not_modal=&#8221;on&#8221; da_is_singular=&#8221;off&#8221; da_with_loader=&#8221;off&#8221; da_has_shadow=&#8221;on&#8221;][et_pb_row column_structure=&#8221;1_2,1_2&#8243; custom_padding_last_edited=&#8221;on|phone&#8221; _builder_version=&#8221;4.5.8&#8243; _module_preset=&#8221;default&#8221; background_color=&#8221;#f3f3f3&#8243; background_image=&#8221;https:\/\/www.barbadillo.com\/wp-content\/uploads\/2020\/06\/barbadillo-age-deco.png&#8221; background_size=&#8221;initial&#8221; background_position=&#8221;bottom_left&#8221; width_tablet=&#8221;90%&#8221; width_phone=&#8221;100%&#8221; width_last_edited=&#8221;on|tablet&#8221; custom_margin=&#8221;60px||0px||false|false&#8221; custom_padding=&#8221;30px|30px|30px|30px|true|true&#8221; custom_padding_tablet=&#8221;|5px||5px|true|true&#8221; custom_padding_phone=&#8221;|0px||0px|true|true&#8221;][et_pb_column type=&#8221;1_2&#8243; _builder_version=&#8221;4.5.8&#8243; _module_preset=&#8221;default&#8221; background_enable_image=&#8221;off&#8221; background_size=&#8221;initial&#8221; background_position=&#8221;bottom_right&#8221; custom_padding=&#8221;||||false|false&#8221;][et_pb_text module_class=&#8221;info-contact&#8221; _builder_version=&#8221;4.6.5&#8243; _module_preset=&#8221;default&#8221; text_text_color=&#8221;#ffffff&#8221; header_3_font=&#8221;Playfair Display||||||||&#8221; header_3_text_color=&#8221;#ffffff&#8221; header_3_font_size=&#8221;24px&#8221; background_color=&#8221;#e2b873&#8243; custom_margin=&#8221;-75px|30px|0px|30px|false|true&#8221; custom_padding=&#8221;30px|30px|30px|120px|true|false&#8221;]<\/p>\n<p><span class=\"icon_phone\"><\/span> Tel 956 38 55 00 &#8211; Fax 956 38 55 01<\/p>\n<p><span class=\"icon_pin_alt\"><\/span> infobarbadillo@barbadillo.com<\/p>\n<p><span class=\"icon_mail_alt\"><\/span> Luis de Eguilaz,11<br \/> 11540 Sanl\u00facar de Barrameda<br \/> C\u00e1diz<\/p>\n<div class=\"cantact-vert rotate\">Central Office<\/div>\n<p>[\/et_pb_text][et_pb_text module_class=&#8221;info-contact&#8221; _builder_version=&#8221;4.6.5&#8243; _module_preset=&#8221;default&#8221; text_text_color=&#8221;#ffffff&#8221; header_3_font=&#8221;Playfair Display||||||||&#8221; header_3_text_color=&#8221;#ffffff&#8221; header_3_font_size=&#8221;24px&#8221; background_color=&#8221;rgba(51,96,40,0.9)&#8221; custom_margin=&#8221;0px|30px|0px|30px|false|true&#8221; custom_padding=&#8221;30px|30px|30px|120px|true|false&#8221;]<\/p>\n<div class=\"contact_block\"><strong>Barbadillo<\/strong><br \/>\n<span class=\"icon_phone\"><\/span> Tel 956 385 521 &#8211; Fax 956 38 55 01&nbsp;<\/p>\n<p><span class=\"icon_pin_alt\"><\/span> visitas@barbadillo.com<\/p>\n<p><span class=\"icon_mail_alt\"><\/span> Sevilla, 6<br \/>\n11540 Sanl\u00facar de Barrameda<br \/>\nC\u00e1diz<\/p>\n<\/div>\n<div class=\"contact_block\"><strong>Bodega Pirineos<\/strong><br \/>\n<span class=\"icon_phone\"><\/span> Tel 974 311 289 Fax 974 306 688&nbsp;<\/p>\n<p><span class=\"icon_mail_alt\"><\/span> bpvisitas@bodegapirineos.com<\/p>\n<p><span class=\"icon_pin_alt\"><\/span> Ctra Barbastro a Naval km 3.5<br \/>\n22300 Barbastro (Huesca)<\/p>\n<div class=\"cantact-vert rotate\">Visitor Center<\/div>\n<\/div>\n<div class=\"contact_block\"><strong>Bodegas y Vi\u00f1edos Vega Real<\/strong><br \/>\n<span class=\"icon_phone\"><\/span> Tel 983 881 580   Fax 983 873 188&nbsp;<\/p>\n<p><span class=\"icon_mail_alt\"><\/span> visitas@vegareal.net<\/p>\n<p><span class=\"icon_pin_alt\"><\/span> Ctra. N-122, Km 298,6 | Apdo, 95 Pe\u00f1afiel<br \/>\n47318, Castrillo de Duero (Valladolid)<\/p>\n<\/div>\n<p>[\/et_pb_text][\/et_pb_column][et_pb_column type=&#8221;1_2&#8243; _builder_version=&#8221;4.5.8&#8243; _module_preset=&#8221;default&#8221;][et_pb_text _builder_version=&#8221;4.6.5&#8243; _module_preset=&#8221;default&#8221; text_font_size=&#8221;18px&#8221; header_2_font=&#8221;Playfair Display|700|||||||&#8221; header_2_text_align=&#8221;left&#8221; header_2_text_color=&#8221;#336028&#8243; header_2_font_size=&#8221;46px&#8221; header_3_font=&#8221;Playfair Display|700|||||||&#8221; header_3_text_align=&#8221;left&#8221; header_3_text_color=&#8221;#e2b873&#8243; header_3_font_size=&#8221;20px&#8221; module_alignment=&#8221;center&#8221; custom_margin=&#8221;0px||0px||true|false&#8221; custom_padding=&#8221;4px|30px|4px|30px|true|true&#8221; header_2_text_align_tablet=&#8221;left&#8221; header_2_text_align_last_edited=&#8221;off|desktop&#8221; header_2_font_size_tablet=&#8221;40px&#8221; header_2_font_size_phone=&#8221;32px&#8221; header_2_font_size_last_edited=&#8221;on|tablet&#8221; header_3_text_align_tablet=&#8221;left&#8221; header_3_text_align_phone=&#8221;left&#8221; header_3_text_align_last_edited=&#8221;off|desktop&#8221; text_orientation_tablet=&#8221;left&#8221; text_orientation_last_edited=&#8221;off|desktop&#8221;]<\/p>\n<h3>Contact<\/h3>\n<h2>Contact form<\/h2>\n<p>If you have any questions about Barbadillo, our products or services, please fill out our general form and we will respond as soon as possible.<\/p>\n<p>[\/et_pb_text][et_pb_text module_class=&#8221;main-form ac_forms&#8221; _builder_version=&#8221;4.7.7&#8243; _module_preset=&#8221;default&#8221; width=&#8221;90%&#8221; module_alignment=&#8221;center&#8221;]<div class='_form_7'><\/div><script type='text\/javascript' src='https:\/\/bodegasbarbadillo.activehosted.com\/f\/embed.php?static=0&id=7&69EE486F9816A&nostyles=1&preview=0'><\/script>[\/et_pb_text][\/et_pb_column][\/et_pb_row][\/et_pb_section]<\/p>\n","protected":false},"excerpt":{"rendered":"<p>Tel 956 38 55 00 &#8211; Fax 956 38 55 01 infobarbadillo@barbadillo.com Luis de Eguilaz,11 11540 Sanl\u00facar de Barrameda C\u00e1diz Central OfficeBarbadillo Tel 956 385 521 &#8211; Fax 956 38 55 01&nbsp; visitas@barbadillo.com Sevilla, 6 11540 Sanl\u00facar de Barrameda C\u00e1diz Bodega Pirineos Tel 974 311 289 Fax 974 306 688&nbsp; bpvisitas@bodegapirineos.com Ctra Barbastro a Naval [&hellip;]<\/p>\n","protected":false},"author":1,"featured_media":0,"parent":0,"menu_order":0,"comment_status":"closed","ping_status":"closed","template":"","meta":{"_acf_changed":false,"_et_pb_use_builder":"on","_et_pb_old_content":"[et_pb_section fb_built=\"1\" admin_label=\"Hero Section\" _builder_version=\"4.6.1\" background_enable_color=\"off\" background_color_gradient_direction=\"131deg\" background_image=\"https:\/\/www.barbadillo.com\/wp-content\/uploads\/2020\/10\/contacto-bodega-barbadillo.jpg\" background_blend=\"darken\" custom_margin=\"60px||||false|false\" custom_padding=\"0px||0px||false|false\" animation_direction=\"top\" da_disable_devices=\"off|off|off\" locked=\"off\" da_is_popup=\"off\" da_exit_intent=\"off\" da_has_close=\"on\" da_alt_close=\"off\" da_dark_close=\"off\" da_not_modal=\"on\" da_is_singular=\"off\" da_with_loader=\"off\" da_has_shadow=\"on\"][et_pb_row custom_padding_last_edited=\"on|phone\" _builder_version=\"4.5.8\" custom_margin=\"0px|auto|0px|auto|true|false\" custom_padding=\"50px||50px||true|false\" custom_padding_tablet=\"40px||40px||true|false\" custom_padding_phone=\"25px||25px||true|false\" custom_width_px=\"1440px\"][et_pb_column type=\"4_4\" _builder_version=\"4.5.8\" custom_padding=\"|||\" custom_padding__hover=\"|||\"][et_pb_text _builder_version=\"4.5.8\" _dynamic_attributes=\"content\" text_font=\"Playfair Display||||||||\" text_line_height=\"1.4em\" header_font=\"Playfair Display|700|||||||\" header_text_align=\"center\" header_text_color=\"#f3f3f3\" header_font_size=\"36px\" header_2_font=\"||||||||\" header_3_font=\"||||||||\" header_4_font=\"||||||||\" header_5_font=\"||||||||\" header_6_font=\"||||||||\" custom_margin=\"0px||0px||false|false\" custom_padding=\"0px||0px||true|false\" custom_padding_tablet=\"\" custom_padding_phone=\"0px|0px|0px|0px|true|false\" custom_padding_last_edited=\"on|phone\" header_font_size_tablet=\"32px\" header_font_size_phone=\"28px\" header_font_size_last_edited=\"on|phone\" locked=\"off\"]@ET-DC@eyJkeW5hbWljIjp0cnVlLCJjb250ZW50IjoicG9zdF90aXRsZSIsInNldHRpbmdzIjp7ImJlZm9yZSI6IjxoMT4iLCJhZnRlciI6IjwvaDE+In19@[\/et_pb_text][\/et_pb_column][\/et_pb_row][\/et_pb_section][et_pb_section fb_built=\"1\" _builder_version=\"4.5.8\" _module_preset=\"default\" custom_margin=\"90px||30px||false|false\" custom_padding=\"0px||0px||true|false\" da_disable_devices=\"off|off|off\" da_is_popup=\"off\" da_exit_intent=\"off\" da_has_close=\"on\" da_alt_close=\"off\" da_dark_close=\"off\" da_not_modal=\"on\" da_is_singular=\"off\" da_with_loader=\"off\" da_has_shadow=\"on\"][et_pb_row column_structure=\"1_2,1_2\" custom_padding_last_edited=\"on|phone\" _builder_version=\"4.5.8\" _module_preset=\"default\" background_color=\"#f3f3f3\" background_image=\"https:\/\/www.barbadillo.com\/wp-content\/uploads\/2020\/06\/barbadillo-age-deco.png\" background_size=\"initial\" background_position=\"bottom_left\" width_tablet=\"90%\" width_phone=\"100%\" width_last_edited=\"on|tablet\" custom_margin=\"60px||0px||false|false\" custom_padding=\"30px|30px|30px|30px|true|true\" custom_padding_tablet=\"|5px||5px|true|true\" custom_padding_phone=\"|0px||0px|true|true\"][et_pb_column type=\"1_2\" _builder_version=\"4.5.8\" _module_preset=\"default\" background_enable_image=\"off\" background_size=\"initial\" background_position=\"bottom_right\" custom_padding=\"||||false|false\"][et_pb_text module_class=\"info-contact\" _builder_version=\"4.5.8\" _module_preset=\"default\" text_text_color=\"#ffffff\" header_3_font=\"Playfair Display||||||||\" header_3_text_color=\"#ffffff\" header_3_font_size=\"24px\" background_color=\"#e2b873\" custom_margin=\"-75px|30px|0px|30px|false|true\" custom_padding=\"30px|30px|30px|120px|true|false\"]<p><span class=\"icon_phone\"><\/span> Tel 956 38 55 00 - Fax 956 38 55 01<\/p>\r\n<p><span class=\"icon_pin_alt\"><\/span> infobarbadillo@barbadillo.com<\/p>\r\n<p><span class=\"icon_mail_alt\"><\/span> Luis de Eguilaz,11<br \/> 11540 Sanl\u00facar de Barrameda<br \/> C\u00e1diz<\/p>\r\n<div class=\"cantact-vert rotate\">Oficina Central<\/div>[\/et_pb_text][et_pb_text module_class=\"info-contact\" _builder_version=\"4.6.5\" _module_preset=\"default\" text_text_color=\"#ffffff\" header_3_font=\"Playfair Display||||||||\" header_3_text_color=\"#ffffff\" header_3_font_size=\"24px\" background_color=\"rgba(51,96,40,0.9)\" custom_margin=\"0px|30px|0px|30px|false|true\" custom_padding=\"30px|30px|30px|120px|true|false\" hover_enabled=\"0\" sticky_enabled=\"0\"]<div class=\"contact_block\"><strong>Barbadillo<\/strong>\r\n<span class=\"icon_phone\"><\/span> Tel 956 385 521 - Fax 956 38 55 01\u00a0\r\n\r\n<span class=\"icon_pin_alt\"><\/span> visitas@barbadillo.com\r\n\r\n<span class=\"icon_mail_alt\"><\/span> Sevilla, 6\r\n11540 Sanl\u00facar de Barrameda\r\nC\u00e1diz\r\n\r\n<\/div>\r\n<div class=\"contact_block\"><strong>Bodega Pirineos<\/strong>\r\n<span class=\"icon_phone\"><\/span> Tel 974 311 289 Fax 974 306 688\u00a0\r\n\r\n<span class=\"icon_mail_alt\"><\/span> bpvisitas@bodegapirineos.com\r\n\r\n<span class=\"icon_pin_alt\"><\/span> Ctra Barbastro a Naval km 3.5\r\n22300 Barbastro (Huesca)\r\n<div class=\"cantact-vert rotate\">Centro de Visitas<\/div>\r\n<\/div>\r\n<div class=\"contact_block\"><strong>Bodegas y Vi\u00f1edos Vega Real<\/strong>\r\n<span class=\"icon_phone\"><\/span> Tel 983 881 580   Fax 983 873 188\u00a0\r\n\r\n<span class=\"icon_mail_alt\"><\/span> visitas@vegareal.net\r\n\r\n<span class=\"icon_pin_alt\"><\/span> Ctra. N-122, Km 298,6 | Apdo, 95 Pe\u00f1afiel\r\n47318, Castrillo de Duero (Valladolid)\r\n\r\n<\/div>[\/et_pb_text][\/et_pb_column][et_pb_column type=\"1_2\" _builder_version=\"4.5.8\" _module_preset=\"default\"][et_pb_text _builder_version=\"4.5.8\" _module_preset=\"default\" text_font_size=\"18px\" header_2_font=\"Playfair Display|700|||||||\" header_2_text_align=\"left\" header_2_text_color=\"#336028\" header_2_font_size=\"46px\" header_3_font=\"Playfair Display|700|||||||\" header_3_text_align=\"left\" header_3_text_color=\"#e2b873\" header_3_font_size=\"20px\" module_alignment=\"center\" custom_margin=\"0px||0px||true|false\" custom_padding=\"30px|30px|30px|30px|true|true\" header_2_text_align_tablet=\"left\" header_2_text_align_last_edited=\"off|desktop\" header_2_font_size_tablet=\"40px\" header_2_font_size_phone=\"32px\" header_2_font_size_last_edited=\"on|tablet\" header_3_text_align_tablet=\"left\" header_3_text_align_phone=\"left\" header_3_text_align_last_edited=\"off|desktop\" text_orientation_tablet=\"left\" text_orientation_last_edited=\"off|desktop\"]<h3>Contacto<\/h3>\r\n<h2>Formulario general<\/h2>\r\n<p>Si tienes cualquier duda sobre Barbadillo, nuestros productos o servicios, por favor, rellena nuestro formulario general y te responderemos lo antes posible.<\/p>[\/et_pb_text][et_pb_text module_class=\"main-form\" _builder_version=\"4.5.8\" _module_preset=\"default\" width=\"90%\" module_alignment=\"center\"]<p>[contact-form-7 id=\"46067\" title=\"Contacto General\"]<\/p>[\/et_pb_text][\/et_pb_column][\/et_pb_row][\/et_pb_section]","_et_gb_content_width":"","footnotes":""},"class_list":["post-79452","page","type-page","status-publish","hentry"],"acf":[],"_links":{"self":[{"href":"https:\/\/www.barbadillo.com\/en\/wp-json\/wp\/v2\/pages\/79452","targetHints":{"allow":["GET"]}}],"collection":[{"href":"https:\/\/www.barbadillo.com\/en\/wp-json\/wp\/v2\/pages"}],"about":[{"href":"https:\/\/www.barbadillo.com\/en\/wp-json\/wp\/v2\/types\/page"}],"author":[{"embeddable":true,"href":"https:\/\/www.barbadillo.com\/en\/wp-json\/wp\/v2\/users\/1"}],"replies":[{"embeddable":true,"href":"https:\/\/www.barbadillo.com\/en\/wp-json\/wp\/v2\/comments?post=79452"}],"version-history":[{"count":2,"href":"https:\/\/www.barbadillo.com\/en\/wp-json\/wp\/v2\/pages\/79452\/revisions"}],"predecessor-version":[{"id":79510,"href":"https:\/\/www.barbadillo.com\/en\/wp-json\/wp\/v2\/pages\/79452\/revisions\/79510"}],"wp:attachment":[{"href":"https:\/\/www.barbadillo.com\/en\/wp-json\/wp\/v2\/media?parent=79452"}],"curies":[{"name":"wp","href":"https:\/\/api.w.org\/{rel}","templated":true}]}}