{"id":151592,"date":"2025-07-28T13:29:23","date_gmt":"2025-07-28T13:29:23","guid":{"rendered":"https:\/\/www.barbadillo.com\/producto\/barbadillo-blanco-edicion-50-aniversario\/"},"modified":"2025-07-29T12:55:39","modified_gmt":"2025-07-29T12:55:39","slug":"barbadillo-blanco-edicion-50-aniversario","status":"publish","type":"product","link":"https:\/\/www.barbadillo.com\/en\/product\/barbadillo-blanco-edicion-50-aniversario\/","title":{"rendered":"Barbadillo Blanco Edici\u00f3n 50 Aniversario"},"content":{"rendered":"","protected":false},"excerpt":{"rendered":"<p data-start=\"0\" data-end=\"255\">Blend of white wines made from Palomino grapes: Castillo de San Diego, Mirabr\u00e1s, \u00c1S, S\u00e1balo, Patinegro, Tamarix, and Alba Balba\u00edna \u2014 reinterpreted for a commemorative edition celebrating the 50th Anniversary of the first white wine from the South in 1975.<\/p>\n<p data-start=\"257\" data-end=\"282\" data-is-last-node=\"\" data-is-only-node=\"\">Ceremonial 4-litre bottle<\/p>\n","protected":false},"featured_media":151584,"comment_status":"closed","ping_status":"closed","template":"","meta":{"_acf_changed":false,"_et_pb_use_builder":"","_et_pb_old_content":"","_et_gb_content_width":""},"product_cat":[175,167],"product_tag":[1167,1168,1169],"bodega":[194],"denominacion":[123],"class_list":{"0":"post-151592","1":"product","2":"type-product","3":"status-publish","4":"has-post-thumbnail","6":"product_cat-packs-en","7":"product_cat-white-wines","8":"product_tag-barbadilloblanco-en","9":"product_tag-coupage-en","10":"product_tag-edicionespecial50aniversario-en","11":"pa_formato-botella-de-4-litros-en","12":"bodega-barbadillo","13":"denominacion-vino-de-la-tierra-de-cadiz","15":"first","16":"instock","17":"taxable","18":"shipping-taxable","19":"purchasable","20":"product-type-variable","21":"has-default-attributes"},"exclude_global_add_ons":[],"addons":[],"acf":{"identidad":"White wine","anada":"2024","uva":"Listan ","grado_alcoholico":"","temperatura_consumo":"","cata_vista":"","cata_nariz":"","cata_boca":"","maridaje":"","videocata":""},"_links":{"self":[{"href":"https:\/\/www.barbadillo.com\/en\/wp-json\/wp\/v2\/product\/151592","targetHints":{"allow":["GET"]}}],"collection":[{"href":"https:\/\/www.barbadillo.com\/en\/wp-json\/wp\/v2\/product"}],"about":[{"href":"https:\/\/www.barbadillo.com\/en\/wp-json\/wp\/v2\/types\/product"}],"replies":[{"embeddable":true,"href":"https:\/\/www.barbadillo.com\/en\/wp-json\/wp\/v2\/comments?post=151592"}],"wp:featuredmedia":[{"embeddable":true,"href":"https:\/\/www.barbadillo.com\/en\/wp-json\/wp\/v2\/media\/151584"}],"wp:attachment":[{"href":"https:\/\/www.barbadillo.com\/en\/wp-json\/wp\/v2\/media?parent=151592"}],"wp:term":[{"taxonomy":"product_cat","embeddable":true,"href":"https:\/\/www.barbadillo.com\/en\/wp-json\/wp\/v2\/product_cat?post=151592"},{"taxonomy":"product_tag","embeddable":true,"href":"https:\/\/www.barbadillo.com\/en\/wp-json\/wp\/v2\/product_tag?post=151592"},{"taxonomy":"bodega","embeddable":true,"href":"https:\/\/www.barbadillo.com\/en\/wp-json\/wp\/v2\/bodega?post=151592"},{"taxonomy":"denominacion","embeddable":true,"href":"https:\/\/www.barbadillo.com\/en\/wp-json\/wp\/v2\/denominacion?post=151592"}],"curies":[{"name":"wp","href":"https:\/\/api.w.org\/{rel}","templated":true}]}}