{"id":155241,"date":"2025-11-18T09:25:13","date_gmt":"2025-11-18T09:25:13","guid":{"rendered":"https:\/\/www.barbadillo.com\/producto\/coleccion-privada-senorio-de-lazan\/"},"modified":"2025-12-10T03:57:52","modified_gmt":"2025-12-10T03:57:52","slug":"coleccion-privada-senorio-de-lazan","status":"publish","type":"product","link":"https:\/\/www.barbadillo.com\/en\/product\/coleccion-privada-senorio-de-lazan\/","title":{"rendered":"Colecci\u00f3n privada Se\u00f1or\u00edo de Laz\u00e1n"},"content":{"rendered":"<div>\n<p>Inside this box you will find a\u00a0<b>unique selection<\/b>: four historic bottles of\u00a0<b>Se\u00f1or\u00edo de Laz\u00e1n Reserva<\/b>, two from 1998 and two from 1999, which have rested for more than two decades in the underground bottle cellar of Bodega Pirineos. Their exceptional conservation has been\u00a0<b>endorsed by the Aroma Analysis Laboratory of the University of Zaragoza<\/b>, whose study confirms the absence of relevant oxidation markers in these unique vintages.<\/p>\n<p>Due to their age,\u00a0<b>each bottle is a distinct journey through time, and the result may vary<\/b>. That is part of their magic. For this reason, we also include\u00a0<b>two bottles of the current Se\u00f1or\u00edo de Laz\u00e1n Reserva<\/b>, to ensure that the experience is always complete, even if any historic bottle shows signs of deterioration<\/p>\n<\/div>\n<div><\/div>\n","protected":false},"excerpt":{"rendered":"<p>Inside this box you will find a\u00a0<b>unique selection<\/b>: four historic bottles of\u00a0<b>Se\u00f1or\u00edo de Laz\u00e1n Reserva<\/b>, two from 1998 and two from 1999, which have rested for more than two decades in the underground bottle cellar of Bodega Pirineos. Their exceptional conservation has been\u00a0<b>endorsed by the Aroma Analysis Laboratory of the University of Zaragoza<\/b>, whose study confirms the absence of relevant oxidation markers in these unique vintages.<\/p>\n<p>Due to their age,\u00a0<b>each bottle is a distinct journey through time, and the result may vary<\/b>. That is part of their magic. For this reason, we also include\u00a0<b>two bottles of the current Se\u00f1or\u00edo de Laz\u00e1n Reserva<\/b>, to ensure that the experience is always complete, even if any historic bottle shows signs of deterioration<\/p>\n","protected":false},"featured_media":155235,"comment_status":"closed","ping_status":"closed","template":"","meta":{"_acf_changed":false,"_et_pb_use_builder":"","_et_pb_old_content":"","_et_gb_content_width":""},"product_cat":[175,177],"product_tag":[1184,1185],"bodega":[196],"denominacion":[131],"class_list":{"0":"post-155241","1":"product","2":"type-product","3":"status-publish","4":"has-post-thumbnail","6":"product_cat-packs-en","7":"product_cat-red-wines","8":"product_tag-bodegapirineos-en","9":"product_tag-senoriodelazan-en","10":"pa_formato-6-bottle-box-750-cc","11":"bodega-pirineos","12":"denominacion-somontano","14":"first","15":"instock","16":"taxable","17":"shipping-taxable","18":"purchasable","19":"product-type-variable","20":"has-default-attributes"},"exclude_global_add_ons":[],"addons":[],"acf":{"identidad":"Red wine","anada":"","uva":"","grado_alcoholico":"","temperatura_consumo":"","cata_vista":"","cata_nariz":"","cata_boca":"","maridaje":"","videocata":""},"_links":{"self":[{"href":"https:\/\/www.barbadillo.com\/en\/wp-json\/wp\/v2\/product\/155241","targetHints":{"allow":["GET"]}}],"collection":[{"href":"https:\/\/www.barbadillo.com\/en\/wp-json\/wp\/v2\/product"}],"about":[{"href":"https:\/\/www.barbadillo.com\/en\/wp-json\/wp\/v2\/types\/product"}],"replies":[{"embeddable":true,"href":"https:\/\/www.barbadillo.com\/en\/wp-json\/wp\/v2\/comments?post=155241"}],"wp:featuredmedia":[{"embeddable":true,"href":"https:\/\/www.barbadillo.com\/en\/wp-json\/wp\/v2\/media\/155235"}],"wp:attachment":[{"href":"https:\/\/www.barbadillo.com\/en\/wp-json\/wp\/v2\/media?parent=155241"}],"wp:term":[{"taxonomy":"product_cat","embeddable":true,"href":"https:\/\/www.barbadillo.com\/en\/wp-json\/wp\/v2\/product_cat?post=155241"},{"taxonomy":"product_tag","embeddable":true,"href":"https:\/\/www.barbadillo.com\/en\/wp-json\/wp\/v2\/product_tag?post=155241"},{"taxonomy":"bodega","embeddable":true,"href":"https:\/\/www.barbadillo.com\/en\/wp-json\/wp\/v2\/bodega?post=155241"},{"taxonomy":"denominacion","embeddable":true,"href":"https:\/\/www.barbadillo.com\/en\/wp-json\/wp\/v2\/denominacion?post=155241"}],"curies":[{"name":"wp","href":"https:\/\/api.w.org\/{rel}","templated":true}]}}