{"id":155593,"date":"2025-11-25T12:36:33","date_gmt":"2025-11-25T12:36:33","guid":{"rendered":"https:\/\/www.barbadillo.com\/producto\/finca-el-empecinado-crianza-magnum\/"},"modified":"2025-11-26T13:58:48","modified_gmt":"2025-11-26T13:58:48","slug":"finca-el-empecinado-crianza-magnum","status":"publish","type":"product","link":"https:\/\/www.barbadillo.com\/en\/product\/finca-el-empecinado-crianza-magnum\/","title":{"rendered":"Finca El Empecinado Crianza Magnum"},"content":{"rendered":"","protected":false},"excerpt":{"rendered":"<p>\u25cf 90 puntos &#8211; James Suckling 2024<br \/>\n\u25cf 90 puntos &#8211; Gu\u00eda Pe\u00f1\u00edn 2025<br \/>\n\u25cf Doble Oro &#8211; Gilbert Gaillard 2024<\/p>\n<p>Wines shaped by an inimitable climate in a unique location. Wines that are distinguished by their intense colour, their harmonious aromas and their fleshiness. Vega Real knows the secret to creating magical wines.<\/p>\n<p>Its red cherry colour with its picota cherry rims go perfectly with its blackberry, cocoa, vanilla and spiced aroma. There are very few wines that are as well-balanced as Finca El Empecinado Crianza; this unctuous and full-bodied wine offers a persistent after taste that will linger for a while.<\/p>\n","protected":false},"featured_media":155592,"comment_status":"closed","ping_status":"closed","template":"","meta":{"_acf_changed":false,"_et_pb_use_builder":"","_et_pb_old_content":"","_et_gb_content_width":""},"product_cat":[175,177],"product_tag":[1196,720,1197],"bodega":[197],"denominacion":[128],"class_list":{"0":"post-155593","1":"product","2":"type-product","3":"status-publish","4":"has-post-thumbnail","6":"product_cat-packs-en","7":"product_cat-red-wines","8":"product_tag-fincaelempecinado-en","9":"product_tag-vegareal-en","10":"product_tag-vinotintocrianza-en","11":"pa_formato-bottle-1500-cc","12":"bodega-vega-real","13":"denominacion-ribera-del-duero","15":"first","16":"instock","17":"taxable","18":"shipping-taxable","19":"purchasable","20":"product-type-variable","21":"has-default-attributes"},"exclude_global_add_ons":[],"addons":[],"acf":{"identidad":"Red wine with oak ageing","anada":"2019","uva":"Tempranillo","grado_alcoholico":"15% vol.","temperatura_consumo":"","cata_vista":"","cata_nariz":"","cata_boca":"","maridaje":"","videocata":""},"_links":{"self":[{"href":"https:\/\/www.barbadillo.com\/en\/wp-json\/wp\/v2\/product\/155593","targetHints":{"allow":["GET"]}}],"collection":[{"href":"https:\/\/www.barbadillo.com\/en\/wp-json\/wp\/v2\/product"}],"about":[{"href":"https:\/\/www.barbadillo.com\/en\/wp-json\/wp\/v2\/types\/product"}],"replies":[{"embeddable":true,"href":"https:\/\/www.barbadillo.com\/en\/wp-json\/wp\/v2\/comments?post=155593"}],"wp:featuredmedia":[{"embeddable":true,"href":"https:\/\/www.barbadillo.com\/en\/wp-json\/wp\/v2\/media\/155592"}],"wp:attachment":[{"href":"https:\/\/www.barbadillo.com\/en\/wp-json\/wp\/v2\/media?parent=155593"}],"wp:term":[{"taxonomy":"product_cat","embeddable":true,"href":"https:\/\/www.barbadillo.com\/en\/wp-json\/wp\/v2\/product_cat?post=155593"},{"taxonomy":"product_tag","embeddable":true,"href":"https:\/\/www.barbadillo.com\/en\/wp-json\/wp\/v2\/product_tag?post=155593"},{"taxonomy":"bodega","embeddable":true,"href":"https:\/\/www.barbadillo.com\/en\/wp-json\/wp\/v2\/bodega?post=155593"},{"taxonomy":"denominacion","embeddable":true,"href":"https:\/\/www.barbadillo.com\/en\/wp-json\/wp\/v2\/denominacion?post=155593"}],"curies":[{"name":"wp","href":"https:\/\/api.w.org\/{rel}","templated":true}]}}