{"id":156685,"date":"2025-12-23T10:47:12","date_gmt":"2025-12-23T10:47:12","guid":{"rendered":"https:\/\/www.barbadillo.com\/producto\/coleccion-privada-senorio-de-lazan-2\/"},"modified":"2025-12-23T11:24:41","modified_gmt":"2025-12-23T11:24:41","slug":"coleccion-privada-senorio-de-lazan-2","status":"publish","type":"product","link":"https:\/\/www.barbadillo.com\/en\/product\/coleccion-privada-senorio-de-lazan-2\/","title":{"rendered":"Colecci\u00f3n Privada Se\u00f1or\u00edo de Laz\u00e1n"},"content":{"rendered":"","protected":false},"excerpt":{"rendered":"<p>Inside this box, you will find a unique selection of three red wines from\u00a0<b>Bodega Pirineos<\/b>.\u00a0This collection features two historic bottles of\u00a0<b>Se\u00f1or\u00edo de Laz\u00e1n Reserva,\u00a0<\/b>one from 1998 and one from 1999, which have rested for over two decades in the underground cellars of Bodega Pirineos. Their exceptional preservation has been verified by the\u00a0<b>Aroma Analysis Laboratory at the University of Zaragoza<\/b>, whose study confirms the absence of significant oxidation markers in these unique vintages.\u00a0Due to their age, every bottle represents a different journey through time, and results may vary. This unpredictability is part of their magic. To ensure a consistently complete experience, we have also included a bottle of the current\u00a0<b>Se\u00f1or\u00edo de Laz\u00e1n Reserva<\/b>, providing a reliable tasting even if a historic bottle shows signs of its long maturation.<\/p>\n","protected":false},"featured_media":156680,"comment_status":"closed","ping_status":"closed","template":"","meta":{"_acf_changed":false,"_et_pb_use_builder":"","_et_pb_old_content":"","_et_gb_content_width":""},"product_cat":[175,177],"product_tag":[1127],"bodega":[196],"denominacion":[131],"class_list":{"0":"post-156685","1":"product","2":"type-product","3":"status-publish","4":"has-post-thumbnail","6":"product_cat-packs-en","7":"product_cat-red-wines","8":"product_tag-pirineos-en","9":"pa_formato-estuche-3-bot-de-75-cl","10":"bodega-pirineos","11":"denominacion-somontano","13":"first","14":"instock","15":"taxable","16":"shipping-taxable","17":"purchasable","18":"product-type-variable","19":"has-default-attributes"},"exclude_global_add_ons":[],"addons":[],"acf":{"identidad":"","anada":"","uva":"","grado_alcoholico":"","temperatura_consumo":"","cata_vista":"","cata_nariz":"","cata_boca":"","maridaje":"","videocata":""},"_links":{"self":[{"href":"https:\/\/www.barbadillo.com\/en\/wp-json\/wp\/v2\/product\/156685","targetHints":{"allow":["GET"]}}],"collection":[{"href":"https:\/\/www.barbadillo.com\/en\/wp-json\/wp\/v2\/product"}],"about":[{"href":"https:\/\/www.barbadillo.com\/en\/wp-json\/wp\/v2\/types\/product"}],"replies":[{"embeddable":true,"href":"https:\/\/www.barbadillo.com\/en\/wp-json\/wp\/v2\/comments?post=156685"}],"wp:featuredmedia":[{"embeddable":true,"href":"https:\/\/www.barbadillo.com\/en\/wp-json\/wp\/v2\/media\/156680"}],"wp:attachment":[{"href":"https:\/\/www.barbadillo.com\/en\/wp-json\/wp\/v2\/media?parent=156685"}],"wp:term":[{"taxonomy":"product_cat","embeddable":true,"href":"https:\/\/www.barbadillo.com\/en\/wp-json\/wp\/v2\/product_cat?post=156685"},{"taxonomy":"product_tag","embeddable":true,"href":"https:\/\/www.barbadillo.com\/en\/wp-json\/wp\/v2\/product_tag?post=156685"},{"taxonomy":"bodega","embeddable":true,"href":"https:\/\/www.barbadillo.com\/en\/wp-json\/wp\/v2\/bodega?post=156685"},{"taxonomy":"denominacion","embeddable":true,"href":"https:\/\/www.barbadillo.com\/en\/wp-json\/wp\/v2\/denominacion?post=156685"}],"curies":[{"name":"wp","href":"https:\/\/api.w.org\/{rel}","templated":true}]}}