{"id":157612,"date":"2026-01-23T12:12:49","date_gmt":"2026-01-23T12:12:49","guid":{"rendered":"https:\/\/www.barbadillo.com\/producto\/pack-carnaval-universo-vi\/"},"modified":"2026-03-30T08:43:09","modified_gmt":"2026-03-30T08:43:09","slug":"pack-carnaval-universo-vi","status":"publish","type":"product","link":"https:\/\/www.barbadillo.com\/en\/product\/pack-carnaval-universo-vi\/","title":{"rendered":"Pack Universo VI"},"content":{"rendered":"<p data-start=\"227\" data-end=\"455\">El pack imprescindible para VI-vir tus momentos como se merece.<br data-start=\"288\" data-end=\"291\" \/>Fresco, ligero y pensado para compartir, el <strong data-start=\"335\" data-end=\"364\">Pack Carnaval Universo VI<\/strong> re\u00fane dos vinos ideales para la fiesta y un cubo exclusivo para mantenerlos siempre fr\u00edos.<\/p>\n<p data-start=\"457\" data-end=\"603\">Perfecto para la calle, reuniones con amigos, patios o cualquier plan donde el Carnaval no se detiene. Enfr\u00eda, sirve y deja que empiece la fiesta.<\/p>\n<p data-start=\"605\" data-end=\"859\">Incluye <strong data-start=\"613\" data-end=\"636\">Rebujito Barbadillo<\/strong>, refrescante y c\u00edtrico, y <strong data-start=\"663\" data-end=\"698\">Barbadillo VI Moscato Frizzante<\/strong>, arom\u00e1tico y suave, ambos f\u00e1ciles de beber y muy disfrutables durante horas. Todo presentado en un cubo met\u00e1lico exclusivo Universo VI, pr\u00e1ctico y reutilizable.<\/p>\n<h6 data-start=\"951\" data-end=\"970\">\ud83d\udce6 \u00bfQU\u00c9 INCLUYE?<\/h6>\n<ul data-start=\"971\" data-end=\"1143\">\n<li data-start=\"971\" data-end=\"1017\">\n<p data-start=\"973\" data-end=\"1017\">\ud83e\uddca <strong data-start=\"976\" data-end=\"1015\">Cubo met\u00e1lico exclusivo Universo VI<\/strong><\/p>\n<\/li>\n<li data-start=\"1018\" data-end=\"1087\">\n<p data-start=\"1020\" data-end=\"1087\">\ud83c\udf4b <strong data-start=\"1023\" data-end=\"1048\">1 Rebujito Barbadillo<\/strong> (Manzanilla &amp; Lima Lim\u00f3n<\/p>\n<\/li>\n<li data-start=\"1088\" data-end=\"1143\">\n<p data-start=\"1090\" data-end=\"1143\">\ud83c\udf47 <strong data-start=\"1093\" data-end=\"1130\">1 Barbadillo VI Moscato Frizzante<\/strong><\/p>\n<\/li>\n<\/ul>\n<p data-start=\"861\" data-end=\"975\">\n","protected":false},"excerpt":{"rendered":"<p data-start=\"227\" data-end=\"455\">El pack imprescindible para VI-vir tus momentos como se merece.<br data-start=\"288\" data-end=\"291\" \/>Fresco, ligero y pensado para compartir, el <strong data-start=\"335\" data-end=\"364\">Pack Carnaval Universo VI<\/strong> re\u00fane dos vinos ideales para la fiesta y un cubo exclusivo para mantenerlos siempre fr\u00edos.<\/p>\n<p data-start=\"457\" data-end=\"603\">Perfecto para la calle, reuniones con amigos, patios o cualquier plan donde el Carnaval no se detiene. Enfr\u00eda, sirve y deja que empiece la fiesta.<\/p>\n<p data-start=\"605\" data-end=\"859\">Incluye <strong data-start=\"613\" data-end=\"636\">Rebujito Barbadillo<\/strong>, refrescante y c\u00edtrico, y <strong data-start=\"663\" data-end=\"698\">Barbadillo VI Moscato Frizzante<\/strong>, arom\u00e1tico y suave, ambos f\u00e1ciles de beber y muy disfrutables durante horas. Todo presentado en un cubo met\u00e1lico exclusivo Universo VI, pr\u00e1ctico y reutilizable.<\/p>\n<h6 data-start=\"951\" data-end=\"970\">\ud83d\udce6 \u00bfQU\u00c9 INCLUYE?<\/h6>\n<ul data-start=\"971\" data-end=\"1143\">\n<li data-start=\"971\" data-end=\"1017\">\n<p data-start=\"973\" data-end=\"1017\">\ud83e\uddca <strong data-start=\"976\" data-end=\"1015\">Cubo met\u00e1lico exclusivo Universo VI<\/strong><\/p>\n<\/li>\n<li data-start=\"1018\" data-end=\"1087\">\n<p data-start=\"1020\" data-end=\"1087\">\ud83c\udf4b <strong data-start=\"1023\" data-end=\"1048\">1 Rebujito Barbadillo<\/strong> (Manzanilla &amp; Lima Lim\u00f3n<\/p>\n<\/li>\n<li data-start=\"1088\" data-end=\"1143\">\n<p data-start=\"1090\" data-end=\"1143\">\ud83c\udf47 <strong data-start=\"1093\" data-end=\"1130\">1 Barbadillo VI Moscato Frizzante<\/strong><\/p>\n<\/li>\n<\/ul>\n","protected":false},"featured_media":157609,"comment_status":"closed","ping_status":"closed","template":"","meta":{"_acf_changed":false,"_et_pb_use_builder":"","_et_pb_old_content":"","_et_gb_content_width":""},"product_cat":[171,175],"product_tag":[],"bodega":[194],"denominacion":[],"class_list":{"0":"post-157612","1":"product","2":"type-product","3":"status-publish","4":"has-post-thumbnail","6":"product_cat-frizzantes-en","7":"product_cat-packs-en","8":"pa_formato-special-pack","9":"bodega-barbadillo","11":"first","12":"instock","13":"taxable","14":"shipping-taxable","15":"purchasable","16":"product-type-variable","17":"has-default-attributes"},"exclude_global_add_ons":[],"addons":[],"acf":[],"_links":{"self":[{"href":"https:\/\/www.barbadillo.com\/en\/wp-json\/wp\/v2\/product\/157612","targetHints":{"allow":["GET"]}}],"collection":[{"href":"https:\/\/www.barbadillo.com\/en\/wp-json\/wp\/v2\/product"}],"about":[{"href":"https:\/\/www.barbadillo.com\/en\/wp-json\/wp\/v2\/types\/product"}],"replies":[{"embeddable":true,"href":"https:\/\/www.barbadillo.com\/en\/wp-json\/wp\/v2\/comments?post=157612"}],"wp:featuredmedia":[{"embeddable":true,"href":"https:\/\/www.barbadillo.com\/en\/wp-json\/wp\/v2\/media\/157609"}],"wp:attachment":[{"href":"https:\/\/www.barbadillo.com\/en\/wp-json\/wp\/v2\/media?parent=157612"}],"wp:term":[{"taxonomy":"product_cat","embeddable":true,"href":"https:\/\/www.barbadillo.com\/en\/wp-json\/wp\/v2\/product_cat?post=157612"},{"taxonomy":"product_tag","embeddable":true,"href":"https:\/\/www.barbadillo.com\/en\/wp-json\/wp\/v2\/product_tag?post=157612"},{"taxonomy":"bodega","embeddable":true,"href":"https:\/\/www.barbadillo.com\/en\/wp-json\/wp\/v2\/bodega?post=157612"},{"taxonomy":"denominacion","embeddable":true,"href":"https:\/\/www.barbadillo.com\/en\/wp-json\/wp\/v2\/denominacion?post=157612"}],"curies":[{"name":"wp","href":"https:\/\/api.w.org\/{rel}","templated":true}]}}