{"id":44749,"date":"2020-06-17T16:47:12","date_gmt":"2020-08-25T07:25:30","guid":{"rendered":"https:\/\/www.barbadillo.com\/?post_type=product&#038;p=44749"},"modified":"2025-11-28T14:48:03","modified_gmt":"2025-11-28T14:48:03","slug":"reliquia-pedro-ximenez","status":"publish","type":"product","link":"https:\/\/www.barbadillo.com\/en\/product\/reliquia-pedro-ximenez\/","title":{"rendered":"Reliquia Pedro Xim\u00e9nez"},"content":{"rendered":"","protected":false},"excerpt":{"rendered":"<p>Our Reliquia Pedro Xim\u00e9nez has been produced from tonnes of a vintage Pedro Xim\u00e9nez wine that Rafael Ter\u00e1n Carrera bequeathed to Antonio Barbadillo Ambrossy at the end of the nineteenth century. In 1921, these wines formed the solera of the ancient Pedro Xim\u00e9nez in the Potro winery.<\/p>\n","protected":false},"featured_media":155712,"comment_status":"closed","ping_status":"closed","template":"","meta":{"_acf_changed":false,"_et_pb_use_builder":"","_et_pb_old_content":"","_et_gb_content_width":""},"product_cat":[175,172],"product_tag":[],"bodega":[194],"denominacion":[125],"class_list":{"0":"post-44749","1":"product","2":"type-product","3":"status-publish","4":"has-post-thumbnail","6":"product_cat-packs-en","7":"product_cat-sherries","8":"pa_formato-bottle-375-cc","9":"bodega-barbadillo","10":"denominacion-jerez-xeres-sherry","12":"first","13":"instock","14":"taxable","15":"shipping-taxable","16":"purchasable","17":"product-type-variable","18":"has-default-attributes"},"exclude_global_add_ons":[],"addons":[],"acf":{"identidad":"Sherry over a hundred years","anada":"","uva":"Palomino Fina","grado_alcoholico":"22%","temperatura_consumo":"","cata_vista":"Very dark intense mahogany in colour with topaz reflections and iodine rims, with which it illuminates its exquisite noble wood undertones.","cata_nariz":"With complex and intense raisin-like aromas.","cata_boca":"Dense and silky on the palate with a finish that lasts the equivalent of a happy memory.","maridaje":"To finish off a great meal.","videocata":""},"_links":{"self":[{"href":"https:\/\/www.barbadillo.com\/en\/wp-json\/wp\/v2\/product\/44749","targetHints":{"allow":["GET"]}}],"collection":[{"href":"https:\/\/www.barbadillo.com\/en\/wp-json\/wp\/v2\/product"}],"about":[{"href":"https:\/\/www.barbadillo.com\/en\/wp-json\/wp\/v2\/types\/product"}],"replies":[{"embeddable":true,"href":"https:\/\/www.barbadillo.com\/en\/wp-json\/wp\/v2\/comments?post=44749"}],"wp:featuredmedia":[{"embeddable":true,"href":"https:\/\/www.barbadillo.com\/en\/wp-json\/wp\/v2\/media\/155712"}],"wp:attachment":[{"href":"https:\/\/www.barbadillo.com\/en\/wp-json\/wp\/v2\/media?parent=44749"}],"wp:term":[{"taxonomy":"product_cat","embeddable":true,"href":"https:\/\/www.barbadillo.com\/en\/wp-json\/wp\/v2\/product_cat?post=44749"},{"taxonomy":"product_tag","embeddable":true,"href":"https:\/\/www.barbadillo.com\/en\/wp-json\/wp\/v2\/product_tag?post=44749"},{"taxonomy":"bodega","embeddable":true,"href":"https:\/\/www.barbadillo.com\/en\/wp-json\/wp\/v2\/bodega?post=44749"},{"taxonomy":"denominacion","embeddable":true,"href":"https:\/\/www.barbadillo.com\/en\/wp-json\/wp\/v2\/denominacion?post=44749"}],"curies":[{"name":"wp","href":"https:\/\/api.w.org\/{rel}","templated":true}]}}