{"id":44948,"date":"2020-06-04T14:55:00","date_gmt":"2020-08-25T07:28:40","guid":{"rendered":"https:\/\/www.barbadillo.com\/?post_type=product&#038;p=44948"},"modified":"2026-01-15T14:50:35","modified_gmt":"2026-01-15T14:50:35","slug":"alquezar-blanco","status":"publish","type":"product","link":"https:\/\/www.barbadillo.com\/en\/product\/alquezar-blanco\/","title":{"rendered":"Alqu\u00e9zar Blanco"},"content":{"rendered":"","protected":false},"excerpt":{"rendered":"<p>Our most refreshing sparkling ros\u00e9 combines Gew\u00fcrztraminer grapes to produce a wine which is ideal for the younger palates.<\/p>\n<p>Alqu\u00e9zar is named after a beautiful medieval town in the Sierra de Guara, in the very heart of Somontano. The wide range of thrilling mountain activities that this area has to offer set off from this very spot.<\/p>\n","protected":false},"featured_media":145329,"comment_status":"open","ping_status":"closed","template":"","meta":{"_acf_changed":false,"_et_pb_use_builder":"","_et_pb_old_content":"","_et_gb_content_width":""},"product_cat":[167],"product_tag":[],"bodega":[196],"denominacion":[131],"class_list":{"0":"post-44948","1":"product","2":"type-product","3":"status-publish","4":"has-post-thumbnail","6":"product_cat-white-wines","7":"pa_formato-6-bottle-box-750-cc","8":"pa_formato-bottle-750-cc","9":"bodega-pirineos","10":"denominacion-somontano","12":"first","13":"instock","14":"taxable","15":"shipping-taxable","16":"purchasable","17":"product-type-variable","18":"has-default-attributes"},"exclude_global_add_ons":[],"addons":[],"acf":{"identidad":"White wine","anada":"2025","uva":"Gew\u00fcrztraminer","grado_alcoholico":"12,5%","temperatura_consumo":"8\u00ba","cata_vista":"Pale yellow in colour with gold tones, very clean.","cata_nariz":"Roses, flowers, citrus fruits and ginger aromas.","cata_boca":"Smooth and fruity with great finesse, with a balanced sweetness resulting from its carbonic maceration.","maridaje":"Seafood dishes, barnacles, parmesan cheese, pasta and pizzas.","videocata":""},"_links":{"self":[{"href":"https:\/\/www.barbadillo.com\/en\/wp-json\/wp\/v2\/product\/44948","targetHints":{"allow":["GET"]}}],"collection":[{"href":"https:\/\/www.barbadillo.com\/en\/wp-json\/wp\/v2\/product"}],"about":[{"href":"https:\/\/www.barbadillo.com\/en\/wp-json\/wp\/v2\/types\/product"}],"replies":[{"embeddable":true,"href":"https:\/\/www.barbadillo.com\/en\/wp-json\/wp\/v2\/comments?post=44948"}],"wp:featuredmedia":[{"embeddable":true,"href":"https:\/\/www.barbadillo.com\/en\/wp-json\/wp\/v2\/media\/145329"}],"wp:attachment":[{"href":"https:\/\/www.barbadillo.com\/en\/wp-json\/wp\/v2\/media?parent=44948"}],"wp:term":[{"taxonomy":"product_cat","embeddable":true,"href":"https:\/\/www.barbadillo.com\/en\/wp-json\/wp\/v2\/product_cat?post=44948"},{"taxonomy":"product_tag","embeddable":true,"href":"https:\/\/www.barbadillo.com\/en\/wp-json\/wp\/v2\/product_tag?post=44948"},{"taxonomy":"bodega","embeddable":true,"href":"https:\/\/www.barbadillo.com\/en\/wp-json\/wp\/v2\/bodega?post=44948"},{"taxonomy":"denominacion","embeddable":true,"href":"https:\/\/www.barbadillo.com\/en\/wp-json\/wp\/v2\/denominacion?post=44948"}],"curies":[{"name":"wp","href":"https:\/\/api.w.org\/{rel}","templated":true}]}}