{"id":45007,"date":"2020-06-04T14:52:25","date_gmt":"2020-08-25T07:31:14","guid":{"rendered":"https:\/\/www.barbadillo.com\/?post_type=product&#038;p=45007"},"modified":"2025-12-17T10:02:50","modified_gmt":"2025-12-17T10:02:50","slug":"senorio-de-lazan-crianza","status":"publish","type":"product","link":"https:\/\/www.barbadillo.com\/en\/product\/senorio-de-lazan-crianza\/","title":{"rendered":"Se\u00f1or\u00edo de Laz\u00e1n Crianza"},"content":{"rendered":"","protected":false},"excerpt":{"rendered":"<p>The most traditional formula for the Somontano crianzas: the fusion of Cabernet-Sauvignon, Tempranillo and Merlot grape. These grapes have come together to produce a modern crianza, which is fresh with delicious woody and fruity notes, a wine that fills the palate with a whole array of smooth and sweet sensations, which take inspiration from the first Somontano reservas.<\/p>\n<p>Se\u00f1or\u00edo de Laz\u00e1n Crianza is produced from red grapes that were grown in the oldest vineyards belonging to the Regional Cooperative. Vineyards that are located between the Aragonese villages of Salas Altas and Salas Bajas.<\/p>\n","protected":false},"featured_media":32631,"comment_status":"open","ping_status":"closed","template":"","meta":{"_acf_changed":false,"_et_pb_use_builder":"","_et_pb_old_content":"","_et_gb_content_width":""},"product_cat":[177],"product_tag":[],"bodega":[196],"denominacion":[131],"class_list":{"0":"post-45007","1":"product","2":"type-product","3":"status-publish","4":"has-post-thumbnail","6":"product_cat-red-wines","7":"pa_formato-6-bottle-box-750-cc","8":"pa_formato-bottle-1500-cc","9":"pa_formato-bottle-750-cc","10":"bodega-pirineos","11":"denominacion-somontano","13":"first","14":"instock","15":"taxable","16":"shipping-taxable","17":"purchasable","18":"product-type-variable","19":"has-default-attributes"},"exclude_global_add_ons":[],"addons":[],"acf":{"identidad":"Red Wine","anada":"2020","uva":"Cabernet-Sauvignon, Tempranillo, Merlot","grado_alcoholico":"14.5%","temperatura_consumo":"18\u00ba","cata_vista":"Intense ripe cherry in colour.","cata_nariz":"Delicious fruit and wood.","cata_boca":"Smooth, flavourful and full of irresistible nuances.","maridaje":"Meat stews, cured cheeses.","videocata":""},"_links":{"self":[{"href":"https:\/\/www.barbadillo.com\/en\/wp-json\/wp\/v2\/product\/45007","targetHints":{"allow":["GET"]}}],"collection":[{"href":"https:\/\/www.barbadillo.com\/en\/wp-json\/wp\/v2\/product"}],"about":[{"href":"https:\/\/www.barbadillo.com\/en\/wp-json\/wp\/v2\/types\/product"}],"replies":[{"embeddable":true,"href":"https:\/\/www.barbadillo.com\/en\/wp-json\/wp\/v2\/comments?post=45007"}],"wp:featuredmedia":[{"embeddable":true,"href":"https:\/\/www.barbadillo.com\/en\/wp-json\/wp\/v2\/media\/32631"}],"wp:attachment":[{"href":"https:\/\/www.barbadillo.com\/en\/wp-json\/wp\/v2\/media?parent=45007"}],"wp:term":[{"taxonomy":"product_cat","embeddable":true,"href":"https:\/\/www.barbadillo.com\/en\/wp-json\/wp\/v2\/product_cat?post=45007"},{"taxonomy":"product_tag","embeddable":true,"href":"https:\/\/www.barbadillo.com\/en\/wp-json\/wp\/v2\/product_tag?post=45007"},{"taxonomy":"bodega","embeddable":true,"href":"https:\/\/www.barbadillo.com\/en\/wp-json\/wp\/v2\/bodega?post=45007"},{"taxonomy":"denominacion","embeddable":true,"href":"https:\/\/www.barbadillo.com\/en\/wp-json\/wp\/v2\/denominacion?post=45007"}],"curies":[{"name":"wp","href":"https:\/\/api.w.org\/{rel}","templated":true}]}}