{"id":50386,"date":"2020-11-17T09:00:37","date_gmt":"2020-11-17T09:32:53","guid":{"rendered":"https:\/\/www.barbadillo.com\/?post_type=product&#038;p=50386"},"modified":"2025-03-13T08:44:46","modified_gmt":"2025-03-13T08:44:46","slug":"magnum-wine-senorio-de-lazan-reserva","status":"publish","type":"product","link":"https:\/\/www.barbadillo.com\/en\/product\/magnum-wine-senorio-de-lazan-reserva\/","title":{"rendered":"Magnum Se\u00f1or\u00edo de Laz\u00e1n"},"content":{"rendered":"","protected":false},"excerpt":{"rendered":"<p>Tinto Reserva is produced from varieties that are grown on the slopes of the Sierra de la Candelera, and more specifically on a small mountain called Laz\u00e1n. Se\u00f1or\u00edo de Laz\u00e1n was named after the Marquisate of Laz\u00e1n, the title given to Cayetano Rebolledo de Palafox (Lord of the Salas Altas and Salas Bajas, who was buried in Salas Bajas).<\/p>\n","protected":false},"featured_media":142880,"comment_status":"closed","ping_status":"closed","template":"","meta":{"_acf_changed":false,"_et_pb_use_builder":"","_et_pb_old_content":"","_et_gb_content_width":""},"product_cat":[175,177],"product_tag":[],"bodega":[196],"denominacion":[131],"class_list":{"0":"post-50386","1":"product","2":"type-product","3":"status-publish","4":"has-post-thumbnail","6":"product_cat-packs-en","7":"product_cat-red-wines","8":"pa_formato-bottle-1500-cc","9":"bodega-pirineos","10":"denominacion-somontano","12":"first","13":"instock","14":"taxable","15":"shipping-taxable","16":"purchasable","17":"product-type-variable","18":"has-default-attributes"},"exclude_global_add_ons":[],"addons":[],"acf":{"identidad":"Tinto Reserva Magnum","anada":"2019","uva":"Cabernet-Sauvignon, Merlot,  Moristel","grado_alcoholico":"15%","temperatura_consumo":"16\u00ba","cata_vista":"Intense brick red in colour with rich claret depth.","cata_nariz":"Its aromatic diversity is expressed through blackberry, pepper, clove, citrus and coffee notes.","cata_boca":"It is smooth and flavourful on the palate, full of nuances and very well-rounded.","maridaje":"Roast lamb, red meats, cured cheeses.","videocata":""},"_links":{"self":[{"href":"https:\/\/www.barbadillo.com\/en\/wp-json\/wp\/v2\/product\/50386","targetHints":{"allow":["GET"]}}],"collection":[{"href":"https:\/\/www.barbadillo.com\/en\/wp-json\/wp\/v2\/product"}],"about":[{"href":"https:\/\/www.barbadillo.com\/en\/wp-json\/wp\/v2\/types\/product"}],"replies":[{"embeddable":true,"href":"https:\/\/www.barbadillo.com\/en\/wp-json\/wp\/v2\/comments?post=50386"}],"wp:featuredmedia":[{"embeddable":true,"href":"https:\/\/www.barbadillo.com\/en\/wp-json\/wp\/v2\/media\/142880"}],"wp:attachment":[{"href":"https:\/\/www.barbadillo.com\/en\/wp-json\/wp\/v2\/media?parent=50386"}],"wp:term":[{"taxonomy":"product_cat","embeddable":true,"href":"https:\/\/www.barbadillo.com\/en\/wp-json\/wp\/v2\/product_cat?post=50386"},{"taxonomy":"product_tag","embeddable":true,"href":"https:\/\/www.barbadillo.com\/en\/wp-json\/wp\/v2\/product_tag?post=50386"},{"taxonomy":"bodega","embeddable":true,"href":"https:\/\/www.barbadillo.com\/en\/wp-json\/wp\/v2\/bodega?post=50386"},{"taxonomy":"denominacion","embeddable":true,"href":"https:\/\/www.barbadillo.com\/en\/wp-json\/wp\/v2\/denominacion?post=50386"}],"curies":[{"name":"wp","href":"https:\/\/api.w.org\/{rel}","templated":true}]}}